{"id":1286,"date":"2013-02-04T09:58:42","date_gmt":"2013-02-04T09:58:42","guid":{"rendered":"https:\/\/www.heimatverein-altmuegeln.de\/?page_id=1286"},"modified":"2019-01-01T17:11:51","modified_gmt":"2019-01-01T17:11:51","slug":"2012-2","status":"publish","type":"page","link":"https:\/\/www.heimatverein-altmuegeln.de\/?page_id=1286","title":{"rendered":"R\u00fcckblicke 2012"},"content":{"rendered":"<h1 style=\"text-align: left;\"><\/h1>\n<h1 style=\"text-align: left;\"><span style=\"color: #ff6600;\"><b>Gr\u00fc\u00dfe vom Crellenhainer Weihnachtsmann<\/b><\/span><\/h1>\n<p>Der B\u00fcrger und Heimatverein Altm\u00fcgeln-Crellenhain w\u00fcnscht aller\u00a0Partnern, Sponsoren und Fans ein wundersch\u00f6nes Weihnachtsfest und ein erfolgreiches Jahr 2013!<\/p>\n<hr \/>\n<p><a href=\"https:\/\/www.heimatverein-altmuegeln.de\/wp-content\/uploads\/2013\/02\/DSCF4704.jpg\"><img loading=\"lazy\" decoding=\"async\" class=\" wp-image-2387 alignleft\" style=\"border: 0px currentColor;\" src=\"https:\/\/www.heimatverein-altmuegeln.de\/wp-content\/uploads\/2013\/02\/DSCF4704-200x300.jpg\" alt=\"DSCF4704\" width=\"82\" height=\"119\" \/><\/a><img loading=\"lazy\" decoding=\"async\" class=\" wp-image-2388 alignright\" style=\"border: 0px currentColor;\" src=\"https:\/\/www.heimatverein-altmuegeln.de\/wp-content\/uploads\/2013\/02\/DSCF4712-200x300.jpg\" alt=\"DSCF4712\" width=\"81\" height=\"117\" \/>Am 06.12.2012 konnten wir die Siegpr\u00e4mie von 4300 \u20ac aus den H\u00e4nden von Manfred Schwerdtner (Kommunalbetreuer der <em>EnviaM<\/em>) im M\u00fcgelner Rathaus entgegen nehmen. Vielen Dank f\u00fcr 61% der Stimmen!<\/p>\n<p style=\"text-align: left;\"><span style=\"color: #333333;\">\u00a0<\/span><\/p>\n<hr \/>\n<h1><span style=\"color: #ff6600;\"><b><em>DiBaDu<\/em> Vereinswettbewerb<\/b><\/span><\/h1>\n<p style=\"text-align: left;\"><a href=\"https:\/\/www.heimatverein-altmuegeln.de\/wp-content\/uploads\/2013\/02\/DiBaDu.jpg\"><img loading=\"lazy\" decoding=\"async\" class=\"size-medium wp-image-2396 alignright\" style=\"border: 0px currentColor;\" src=\"https:\/\/www.heimatverein-altmuegeln.de\/wp-content\/uploads\/2013\/02\/DiBaDu-300x150.jpg\" alt=\"DiBaDu\" width=\"300\" height=\"150\" srcset=\"https:\/\/www.heimatverein-altmuegeln.de\/wp-content\/uploads\/2013\/02\/DiBaDu-300x150.jpg 300w, https:\/\/www.heimatverein-altmuegeln.de\/wp-content\/uploads\/2013\/02\/DiBaDu-500x250.jpg 500w, https:\/\/www.heimatverein-altmuegeln.de\/wp-content\/uploads\/2013\/02\/DiBaDu.jpg 600w\" sizes=\"auto, (max-width: 300px) 100vw, 300px\" \/><\/a>Gek\u00e4mpft um jede Stimme bis zuletzt, hat es am Ende doch nicht gereicht. Ganze 8 Stimmen fehlten uns um zu den gro\u00dfen Gewinnern zu z\u00e4hlen. Herzlichen Gl\u00fcckwunsch unseren Fu\u00dfballern zum Gewinn der Siegpr\u00e4mie!<\/p>\n<hr \/>\n<h1><span style=\"color: #ff6600;\"><b>2. M\u00fcgelner Drachenfest<\/b><\/span><\/h1>\n<p style=\"text-align: left;\">Mit 200 Besuchern und ca. 30 Drachen \u00fcber den Himmel von Altm\u00fcgeln war unser 2. Drachenfest eine tolle Veranstaltung f\u00fcr Alt und Jung. Bei dieser Gelegenheit<a href=\"https:\/\/www.heimatverein-altmuegeln.de\/wp-content\/uploads\/2013\/02\/R\u00fcckblick-2012-Drachenfest-2.jpg\"><img loading=\"lazy\" decoding=\"async\" class=\" wp-image-1647 alignleft\" style=\"border: 0px currentColor;\" src=\"https:\/\/www.heimatverein-altmuegeln.de\/wp-content\/uploads\/2013\/02\/R\u00fcckblick-2012-Drachenfest-2-300x200.jpg\" alt=\"R\u00fcckblick 2012 - Drachenfest 2\" width=\"147\" height=\"83\" \/><\/a> sammelten wir viele Stimmen f\u00fcr den DiBa Vereinswettbewerb. <a href=\"https:\/\/www.heimatverein-altmuegeln.de\/wp-content\/uploads\/2013\/02\/R\u00fcckblicke-2012-Drachenfest-1.jpg\"><img loading=\"lazy\" decoding=\"async\" class=\" wp-image-1650 alignright\" style=\"border: 0px currentColor;\" src=\"https:\/\/www.heimatverein-altmuegeln.de\/wp-content\/uploads\/2013\/02\/R\u00fcckblicke-2012-Drachenfest-1-300x128.jpg\" alt=\"R\u00fcckblicke 2012-Drachenfest 1\" width=\"293\" height=\"121\" \/><\/a>Den h\u00f6chsten Drachen hatte Dustin M\u00fcller an der Leine, Familie Reimann\u00a0 den sch\u00f6nsten Drachen und Ralf M\u00fcller den kreativsten Drachen.<\/p>\n<hr \/>\n<h1><span style=\"color: #ff6600;\"><b>5. M\u00fcgelner Seifenkistenrennen<\/b><\/span><\/h1>\n<p>Mit <a href=\"https:\/\/www.heimatverein-altmuegeln.de\/wp-content\/uploads\/2013\/02\/K-Kopie.jpg\"><img loading=\"lazy\" decoding=\"async\" class=\" wp-image-1629 alignright\" style=\"border: 0px currentColor;\" src=\"https:\/\/www.heimatverein-altmuegeln.de\/wp-content\/uploads\/2013\/02\/K-Kopie-300x199.jpg\" alt=\"K - Kopie\" width=\"205\" height=\"121\" \/><\/a>34 Fahrern verzeichneten wir beim 5. M\u00fcgelner Seifenkistenrennen einen neuen Rekord. Unsere 700 Zuschauer begeisterten wir neben dem Rennen mit Bierkistenstapeln, Kinderschminken, Blasmusik und tollem Essen.\u00a0<a href=\"https:\/\/www.heimatverein-altmuegeln.de\/wp-content\/uploads\/2013\/02\/MSKR-2012-21-Kopie.jpg\"><img loading=\"lazy\" decoding=\"async\" class=\" wp-image-1641 alignleft\" style=\"border: 0px currentColor;\" src=\"https:\/\/www.heimatverein-altmuegeln.de\/wp-content\/uploads\/2013\/02\/MSKR-2012-21-Kopie-300x199.jpg\" alt=\"MSKR 2012-21 - Kopie\" width=\"153\" height=\"105\" \/><\/a>F\u00fcr die Kleinsten durfte die H\u00fcpfburg nat\u00fcrlich nicht fehlen. B\u00fcrgermeister Volkmar Winkler konnte den B\u00fcrgermeistercup f\u00fcr sich entscheiden und holte den Wanderpokal zur\u00fcck ins Rathaus.<\/p>\n<hr \/>\n<h1><span style=\"color: #ff6600;\"><b>17. M\u00fcgelner Altstadtfest<\/b><\/span><\/h1>\n<p>Mit<a href=\"https:\/\/www.heimatverein-altmuegeln.de\/wp-content\/uploads\/2013\/02\/R\u00fcckblicke-2012-Danke.jpg\"><img loading=\"lazy\" decoding=\"async\" class=\" wp-image-1649 alignleft\" style=\"border: 0px currentColor;\" src=\"https:\/\/www.heimatverein-altmuegeln.de\/wp-content\/uploads\/2013\/02\/R\u00fcckblicke-2012-Danke-224x300.jpg\" alt=\"R\u00fcckblicke 2012 Danke\" width=\"150\" height=\"220\" \/><\/a> zahlreichen Aktivit\u00e4ten haben wir das diesj\u00e4hrige Altstadtfest unterst\u00fctzt und zu dessen Gelingen beigetragen. Bereits am Freitag Abend sicherten wir mit 7 Mitgliedern die Kassierung der Eintrittsgelder ab. Am Samstag k\u00e4mpften wir eine Stunde beim <em>EnviaM<\/em> St\u00e4dtewettbewerb und gaben dabei alles. 61 % der Stimmberechtigten gaben uns Ihre Stimme f\u00fcr unser Projekt \u201e\u00dcberdachte Sitzgelegenheit auf unserm Vereinsgel\u00e4nde\u201d Daf\u00fcr <b>Vielen Dank<\/b>! Die Moderation der <a href=\"https:\/\/www.heimatverein-altmuegeln.de\/wp-content\/uploads\/2013\/02\/Stadtf.2012-17-Kopie.jpg\"><img loading=\"lazy\" decoding=\"async\" class=\" wp-image-1625 alignright\" style=\"border: 0px currentColor;\" src=\"https:\/\/www.heimatverein-altmuegeln.de\/wp-content\/uploads\/2013\/02\/Stadtf.2012-17-Kopie-199x300.jpg\" alt=\"Stadtf.2012-17 - Kopie\" width=\"124\" height=\"183\" \/><\/a>Kaffeetafel mit Lutz Pechnig als Moderator, Michael Simbke als G\u00e4nseh\u00e4nsel, Vanessa Herzig als G\u00e4nseliesel, Herrn M\u00fcller als Raselmaxe und Herrn Lobe als Glasermeister war f\u00fcr alle ein absolutes Highlight. Da unser Teil der Kaffeetafel gut besucht war, gehen wir davon aus, dass unser Kaffee geschmeckt hat, getreu unserem Motto \u201e<em>Gib kalten Kaffee keine Chance<\/em>\u201d.<\/p>\n<hr \/>\n<h1><span style=\"color: #ff6600;\">Miniferiencamp<\/span><\/h1>\n<p style=\"text-align: left;\"><a href=\"https:\/\/www.heimatverein-altmuegeln.de\/wp-content\/uploads\/2013\/02\/Camp-2012-23.jpg\"><img loading=\"lazy\" decoding=\"async\" class=\"size-medium wp-image-2508 alignleft\" style=\"border: 0px currentColor;\" src=\"https:\/\/www.heimatverein-altmuegeln.de\/wp-content\/uploads\/2013\/02\/Camp-2012-23-300x225.jpg\" alt=\"Camp 2012-2\" width=\"114\" height=\"86\" srcset=\"https:\/\/www.heimatverein-altmuegeln.de\/wp-content\/uploads\/2013\/02\/Camp-2012-23-300x225.jpg 300w, https:\/\/www.heimatverein-altmuegeln.de\/wp-content\/uploads\/2013\/02\/Camp-2012-23-400x300.jpg 400w, https:\/\/www.heimatverein-altmuegeln.de\/wp-content\/uploads\/2013\/02\/Camp-2012-23.jpg 600w\" sizes=\"auto, (max-width: 114px) 100vw, 114px\" \/><\/a>Um unsere Kids schon mal auf die Sommerferien einzustimmen, zelteten wir an diesem Wochenende auf dem Vereinsgel\u00e4nde. Beim Lagerfeuer, Sommernachtskino und anschlie\u00dfender N<a href=\"https:\/\/www.heimatverein-altmuegeln.de\/wp-content\/uploads\/2013\/02\/Camp-2012-61.jpg\"><img loading=\"lazy\" decoding=\"async\" class=\" wp-image-2509 alignright\" style=\"border: 0px currentColor; width: 160px;\" src=\"https:\/\/www.heimatverein-altmuegeln.de\/wp-content\/uploads\/2013\/02\/Camp-2012-61-300x173.jpg\" alt=\"Camp 2012-6\" width=\"192\" height=\"90\" \/><\/a>achtwanderung kam keine lange Weile auf. Frisch und munter starteten die Bewohner von Altm\u00fcgeln und Crellenhain am Sonntag mit einem <a href=\"https:\/\/www.heimatverein-altmuegeln.de\/wp-content\/uploads\/2013\/02\/Camp-2012-201.jpg\"><img loading=\"lazy\" decoding=\"async\" class=\" wp-image-2507 alignright\" style=\"border: 0px currentColor;\" src=\"https:\/\/www.heimatverein-altmuegeln.de\/wp-content\/uploads\/2013\/02\/Camp-2012-201-300x225.jpg\" alt=\"Camp 2012-20\" width=\"140\" height=\"109\" \/><\/a>gemeinsamen Fr\u00fchsport\u00a0und anschlie\u00dfendem Fr\u00fchst\u00fcck. Am Ende waren sich alle einig, das Miniferiencamp darf 2013 nicht fehlen.<\/p>\n<p><span style=\"color: #333333;\">\u00a0<\/span><\/p>\n<hr \/>\n<h1><span style=\"color: #ff6600;\">1. Muttertagsbrunch<\/span><\/h1>\n<p style=\"text-align: left;\"><a href=\"https:\/\/www.heimatverein-altmuegeln.de\/wp-content\/uploads\/2013\/02\/Mutter-2012-71.jpg\"><img loading=\"lazy\" decoding=\"async\" class=\"size-medium wp-image-2495 alignleft\" style=\"border: 0px currentColor; width: 187px;\" src=\"https:\/\/www.heimatverein-altmuegeln.de\/wp-content\/uploads\/2013\/02\/Mutter-2012-71-300x195.jpg\" alt=\"Mutter 2012-7\" width=\"195\" height=\"114\" \/><\/a>Ca. 200 Besucher\u00a0begr\u00fc\u00dften wir an diesem Sonntag auf unserem Vereinsgel\u00e4nde. Bei passender Musik, etwas Spiel und Spa\u00df war die Premiere dieser Veranstaltung mehr als gelungen. Von unseren weiblichen Vereinsmitgliedern organisiert, erhielt jede Mutti an ihrem Ehrentag eine Rose und ein Glas Sekt.<b><b><\/b><\/b><\/p>\n<hr \/>\n<h1 style=\"text-align: left;\"><span style=\"color: #ff6600;\">Winterolympiade <b><\/b><\/span><\/h1>\n<p style=\"text-align: center;\"><span style=\"color: #333333;\"><span style=\"color: #c0c0c0;\"><b><a href=\"https:\/\/www.heimatverein-altmuegeln.de\/wp-content\/uploads\/2013\/02\/ken-schnee3.jpg\"><img loading=\"lazy\" decoding=\"async\" class=\"aligncenter size-medium wp-image-2580\" style=\"border: 0px currentColor;\" src=\"https:\/\/www.heimatverein-altmuegeln.de\/wp-content\/uploads\/2013\/02\/ken-schnee3-300x225.jpg\" alt=\"ken schnee3\" width=\"300\" height=\"225\" srcset=\"https:\/\/www.heimatverein-altmuegeln.de\/wp-content\/uploads\/2013\/02\/ken-schnee3-300x225.jpg 300w, https:\/\/www.heimatverein-altmuegeln.de\/wp-content\/uploads\/2013\/02\/ken-schnee3-400x300.jpg 400w, https:\/\/www.heimatverein-altmuegeln.de\/wp-content\/uploads\/2013\/02\/ken-schnee3.jpg 600w\" sizes=\"auto, (max-width: 300px) 100vw, 300px\" \/><\/a><\/b><\/span><\/span><\/p>\n<p style=\"text-align: center;\"><span style=\"color: #333333;\"><span style=\"color: #c0c0c0;\">Einfach zu wenig Schnee&#8230;schade&#8230;vielleicht n\u00e4chstes Jahr!<\/span><\/span><\/p>\n<hr \/>\n<p style=\"text-align: center;\"><em>\u2190<a href=\"https:\/\/www.heimatverein-altmuegeln.de\/?page_id=782\">zur\u00fcck<\/a><\/em><\/p>\n","protected":false},"excerpt":{"rendered":"<p>Gr\u00fc\u00dfe vom Crellenhainer Weihnachtsmann Der B\u00fcrger und Heimatverein Altm\u00fcgeln-Crellenhain w\u00fcnscht aller\u00a0Partnern, Sponsoren und Fans ein wundersch\u00f6nes Weihnachtsfest und ein erfolgreiches Jahr 2013! Am 06.12.2012 konnten wir die Siegpr\u00e4mie von 4300 <a class=\"more-link\" href=\"https:\/\/www.heimatverein-altmuegeln.de\/?page_id=1286\">Continue Reading \u2192<\/a><\/p>\n","protected":false},"author":3,"featured_media":0,"parent":0,"menu_order":0,"comment_status":"closed","ping_status":"closed","template":"","meta":{"footnotes":""},"class_list":["post-1286","page","type-page","status-publish","hentry"],"_links":{"self":[{"href":"https:\/\/www.heimatverein-altmuegeln.de\/index.php?rest_route=\/wp\/v2\/pages\/1286","targetHints":{"allow":["GET"]}}],"collection":[{"href":"https:\/\/www.heimatverein-altmuegeln.de\/index.php?rest_route=\/wp\/v2\/pages"}],"about":[{"href":"https:\/\/www.heimatverein-altmuegeln.de\/index.php?rest_route=\/wp\/v2\/types\/page"}],"author":[{"embeddable":true,"href":"https:\/\/www.heimatverein-altmuegeln.de\/index.php?rest_route=\/wp\/v2\/users\/3"}],"replies":[{"embeddable":true,"href":"https:\/\/www.heimatverein-altmuegeln.de\/index.php?rest_route=%2Fwp%2Fv2%2Fcomments&post=1286"}],"version-history":[{"count":115,"href":"https:\/\/www.heimatverein-altmuegeln.de\/index.php?rest_route=\/wp\/v2\/pages\/1286\/revisions"}],"predecessor-version":[{"id":7157,"href":"https:\/\/www.heimatverein-altmuegeln.de\/index.php?rest_route=\/wp\/v2\/pages\/1286\/revisions\/7157"}],"wp:attachment":[{"href":"https:\/\/www.heimatverein-altmuegeln.de\/index.php?rest_route=%2Fwp%2Fv2%2Fmedia&parent=1286"}],"curies":[{"name":"wp","href":"https:\/\/api.w.org\/{rel}","templated":true}]}}