{"id":1303,"date":"2013-02-04T11:21:22","date_gmt":"2013-02-04T11:21:22","guid":{"rendered":"https:\/\/www.heimatverein-altmuegeln.de\/?page_id=1303"},"modified":"2020-04-12T10:33:04","modified_gmt":"2020-04-12T10:33:04","slug":"2013-2","status":"publish","type":"page","link":"https:\/\/www.heimatverein-altmuegeln.de\/?page_id=1303","title":{"rendered":"R\u00fcckblicke 2013"},"content":{"rendered":"<h2 style=\"text-align: left;\"><span style=\"color: #ff6600;\">Dezember 2013<\/span><\/h2>\n<p>Als <strong>Dankesch\u00f6n<\/strong> f\u00fcr die gute Zusammenarbeit mit der &#8222;<strong>Grundschule Tintenklecks<\/strong>&#8220; \u00fcberreichten wir zum Jahresende ein B\u00fccherpaket sowie einen B\u00fcchergutschein f\u00fcr die Erweiterung der Schulbibliothek.<\/p>\n<p style=\"text-align: left;\">Au\u00dferdem begr\u00fc\u00dften wir unser 1. &#8222;<strong>Vereinsbaby<\/strong>&#8220; mit einem Bobbycar und hoffen auf Nachwuchs &#8230;<a href=\"https:\/\/www.heimatverein-altmuegeln.de\/wp-content\/uploads\/2014\/03\/001.jpg\"><img loading=\"lazy\" decoding=\"async\" class=\"wp-image-3863 aligncenter\" style=\"width: 205px;\" src=\"https:\/\/www.heimatverein-altmuegeln.de\/wp-content\/uploads\/2014\/03\/001-300x132.jpg\" alt=\"001\" width=\"300\" height=\"67\" \/><\/a><\/p>\n<hr \/>\n<h2 style=\"text-align: left;\"><span style=\"color: #ff6600;\">November 2013<\/span><\/h2>\n<p style=\"text-align: left;\"><strong>&#8222;Gutschein sichert neue Miniflitzer&#8220;<\/strong><\/p>\n<p style=\"text-align: left;\">Unter dieser \u00dcberschrift berichtete die OAZ am 7. November 2013 von der \u00dcbergabe\u00a0des Gutscheines an die Tagesst\u00e4tte &#8222;<strong>Sonnenblume<\/strong>&#8220; f\u00fcr\u00a0den 1.Platz\u00a0beim\u00a0BobbycarCup.<\/p>\n<hr \/>\n<h2><span style=\"color: #ff6600;\">Oktober 2013<\/span><\/h2>\n<p>Bei sch\u00f6nem Herbstwetter konnten ca. 250 Besucher zum <strong>3. Drachenfest<\/strong> am 13.10.2013 \u00fcber 30 Drachen am Himmel von Altm\u00fcgeln bewundern.<\/p>\n<p><a href=\"https:\/\/www.heimatverein-altmuegeln.de\/wp-content\/uploads\/2013\/02\/2013-10-13-13.50.17.jpg\"><img loading=\"lazy\" decoding=\"async\" class=\" wp-image-3713 alignleft\" src=\"https:\/\/www.heimatverein-altmuegeln.de\/wp-content\/uploads\/2013\/02\/2013-10-13-13.50.17-300x225.jpg\" alt=\"2013-10-13 13.50.17\" width=\"121\" height=\"93\" \/><\/a>Au\u00dferdem\u00a0konnten wir mit Stolz erstmals eine neue Fahne auf unserem Vereinsgel\u00e4nde hissen. Nachdem wir ein handgemaltes Exemplar in unserem Schaufenster pr\u00e4sentieren, sind wir nun in der Lage, bei jedem Wetter Flagge zu zeigen.<\/p>\n<p><span style=\"color: #333333;\">\u00a0<\/span><\/p>\n<hr \/>\n<h2><span style=\"color: #ff6600;\">September 2013<\/span><\/h2>\n<p style=\"text-align: left;\"><a href=\"https:\/\/www.heimatverein-altmuegeln.de\/wp-content\/uploads\/2013\/09\/2013-Seife.gif\"><img loading=\"lazy\" decoding=\"async\" class=\"size-medium wp-image-3310 aligncenter\" src=\"https:\/\/www.heimatverein-altmuegeln.de\/wp-content\/uploads\/2013\/09\/2013-Seife-300x85.gif\" alt=\"2013 Seife\" width=\"322\" height=\"87\" \/><\/a><\/p>\n<p style=\"text-align: left;\">Mit ca. 600 Besuchern war die 6. Auflage unseres Seifenkistenrennens wieder eine gelungene Veranstaltung f\u00fcr Alt und Jung. Die Kleinsten\u00a0hatten beim Finale des BobbycarCup&#8217;s\u00a0sichtlich Spa\u00df. Auch die Hopseburg, Bierkisten stapeln und die Kindertombola sorgten f\u00fcr Abwechslung.<\/p>\n<hr \/>\n<h2><span style=\"color: #ff6600;\">August 2013<\/span><\/h2>\n<p><img loading=\"lazy\" decoding=\"async\" class=\"size-medium wp-image-3142 alignleft\" src=\"https:\/\/www.heimatverein-altmuegeln.de\/wp-content\/uploads\/2013\/08\/2.Bobby-Seite-300x155.jpg\" alt=\"2.Bobby-Seite\" width=\"231\" height=\"105\" \/>Am 18. August 2013 wurde im Rahmen des M\u00fcgelner Altstadtfestes, das 2. Rennen vom\u00a01.BobbycarCup ausgetragen. Bei Sonnenschein und toller Stimmung, starteten 20 junge Piloten. F\u00fcr Stimmung sorgte Lutz Pechnig, der das Publikum richtig anheizte.<\/p>\n<p><span style=\"color: #333333;\">\u00a0<\/span><\/p>\n<hr \/>\n<h2><span style=\"color: #ff6600;\">Juli 2013<\/span><\/h2>\n<p style=\"text-align: left;\"><span style=\"color: #ff6600;\">Wir waren auch dabei&#8230;<\/span><\/p>\n<p>bei der 140 Jahrfeier der\u00a0Feuerwehr M\u00fcgeln. 18 Vereinsmitglieder unterst\u00fctzten am Samstag, den 06. Juli 2013 den Festumzug der Feuerwehr als Schildertr\u00e4ger. Es hat riesig Spa\u00df gemacht. Wir hoffen auch weiterhin auf so gute Zusammenarbeit !<\/p>\n<p><a href=\"https:\/\/www.heimatverein-altmuegeln.de\/wp-content\/uploads\/2013\/07\/Panorama1.jpg\"><img loading=\"lazy\" decoding=\"async\" class=\"aligncenter size-medium wp-image-3038\" src=\"https:\/\/www.heimatverein-altmuegeln.de\/wp-content\/uploads\/2013\/07\/Panorama1-300x54.jpg\" alt=\"Panorama1\" width=\"300\" height=\"54\" srcset=\"https:\/\/www.heimatverein-altmuegeln.de\/wp-content\/uploads\/2013\/07\/Panorama1-300x54.jpg 300w, https:\/\/www.heimatverein-altmuegeln.de\/wp-content\/uploads\/2013\/07\/Panorama1-600x109.jpg 600w, https:\/\/www.heimatverein-altmuegeln.de\/wp-content\/uploads\/2013\/07\/Panorama1-500x91.jpg 500w\" sizes=\"auto, (max-width: 300px) 100vw, 300px\" \/><\/a><\/p>\n<hr \/>\n<h2><span style=\"color: #ff6600;\">Juni 2013<\/span><\/h2>\n<p><a href=\"https:\/\/www.heimatverein-altmuegeln.de\/wp-content\/uploads\/2013\/06\/bobby0.jpg\"><img loading=\"lazy\" decoding=\"async\" class=\" wp-image-2974 alignleft\" style=\"width: 112px;\" src=\"https:\/\/www.heimatverein-altmuegeln.de\/wp-content\/uploads\/2013\/06\/bobby0-300x256.jpg\" alt=\"bobby0\" width=\"300\" height=\"97\" \/><\/a><\/p>\n<p>1.Lauf vom 1.BobbycarCup beim\u00a0&#8222;Schwetaer Parkfest&#8220;<\/p>\n<hr \/>\n<h2><span style=\"color: #ff6600;\">Mai 2013<\/span><\/h2>\n<p style=\"text-align: left;\"><span style=\"color: #888888;\"><a href=\"https:\/\/www.heimatverein-altmuegeln.de\/wp-content\/uploads\/2013\/02\/Muttertag-2013.gif\"><img loading=\"lazy\" decoding=\"async\" class=\"size-full wp-image-2903 aligncenter\" src=\"https:\/\/www.heimatverein-altmuegeln.de\/wp-content\/uploads\/2013\/02\/Muttertag-2013.gif\" alt=\"Muttertag 2013\" width=\"249\" height=\"103\" \/><\/a><\/span><\/p>\n<p><span style=\"color: #ff6600;\">Gelungene Muttertagsveranstaltung &#8230;<\/span><br \/>\nObwohl es das Wetter am Muttertagssonntag nicht so gut mit uns meinte,<br \/>\nfolgten ca. 150 G\u00e4ste, gro\u00df und klein, der Einladung des Vereins zum Muttertagsbrunch auf das Vereinsgel\u00e4nde. Die M\u00e4dels vom Verein hatten sich in Sachen Organisation und Bewirtung richtig ins Zeug gelegt. So gab es f\u00fcr jede Mutti eine kleine \u00dcberraschung, Leckereien vom Grill, Kaffee und Kuchen und jede Menge Spiele. Die Kleinsten konnten sich auf der Hopseburg vergn\u00fcgen und Lutz Pechnig heizte den G\u00e4sten auch bei Schmuddelwetter mit toller Musik richtig ein, so dass das Wetter der guten Stimmung nichts anhaben konnte. Eine \u00dcberraschung f\u00fcr die Vereinsmitglieder gab es auch, so \u00fcberraschte uns Frau Seupel aus M\u00fcgeln mit der \u00dcbergabe von zwei Fahnenschleifen mit dem Wappen von M\u00fcgeln und dem s\u00e4chsischen Wappen.\u00a0 Herzlichen Dank daf\u00fcr, beide werden ihren Platz an unserer Vereinsfahne finden.<\/p>\n<hr \/>\n<h2><span style=\"color: #ff6600;\">April 2013<\/span><\/h2>\n<p><span style=\"color: #ff6600;\">&#8222;Die Bobbycarfahrer von Heute sind die Seifenkistenpiloten von Morgen&#8220;<\/span><\/p>\n<p>Unter diesem Motto liefen die Vorbereitungen zum ersten M\u00fcgelner Kitacup auf Hochtouren. Hierbei\u00a0waren unsere Kleinsten (0-4 Jahre) aufgerufen, in drei Meisterschaftsl\u00e4ufen den M\u00fcgelner Bobbycarmeister zu ermitteln.<\/p>\n<hr \/>\n<h2><span style=\"color: #ff6600;\">M\u00e4rz\u00a02013<\/span><\/h2>\n<p>&nbsp;<\/p>\n<h2 style=\"text-align: center;\"><a href=\"https:\/\/www.heimatverein-altmuegeln.de\/wp-content\/uploads\/2013\/02\/drinne.jpg\"><img loading=\"lazy\" decoding=\"async\" class=\"aligncenter size-medium wp-image-2891\" src=\"https:\/\/www.heimatverein-altmuegeln.de\/wp-content\/uploads\/2013\/02\/drinne-300x221.jpg\" alt=\"drinne\" width=\"300\" height=\"221\" srcset=\"https:\/\/www.heimatverein-altmuegeln.de\/wp-content\/uploads\/2013\/02\/drinne-300x221.jpg 300w, https:\/\/www.heimatverein-altmuegeln.de\/wp-content\/uploads\/2013\/02\/drinne-600x442.jpg 600w, https:\/\/www.heimatverein-altmuegeln.de\/wp-content\/uploads\/2013\/02\/drinne-406x300.jpg 406w, https:\/\/www.heimatverein-altmuegeln.de\/wp-content\/uploads\/2013\/02\/drinne.jpg 651w\" sizes=\"auto, (max-width: 300px) 100vw, 300px\" \/><\/a><\/h2>\n<h1 style=\"text-align: center;\"><span style=\"color: #ff6600;\">Geschafft &#8230; endlich sind wir online!!!<\/span><\/h1>\n<hr \/>\n<h2><span style=\"color: #ff6600;\">Februar 2013<\/span><\/h2>\n<p>Eigentlich sollte in diesem Monat eine &#8222;Vereins-Winterolympiade&#8220; stattfinden, aber ohne Schnee &#8230;!?<\/p>\n<hr \/>\n<h2><span style=\"color: #ff6600;\">Januar 2013<\/span><\/h2>\n<p><span style=\"color: #ff6600;\">So schnell ist ein Monat vergangen<\/span><\/p>\n<p>Knapp f\u00fcnfzig Vereinsmitglieder und deren Angeh\u00f6rige trafen sich zur ersten Aktion im neuen Jahr am 12.01.2013 auf unserem Vereinsgel\u00e4nde. In unserer XXL- Feuerschale entsorgten wir bei strahlendem Sonnenschein, einem Gl\u00e4schen Gl\u00fchwein und Bratwurst vom Grill unsere geliebten Weihnachtsb\u00e4ume.<\/p>\n<hr \/>\n<p style=\"text-align: center;\"><em>\u2190<a href=\"https:\/\/www.heimatverein-altmuegeln.de\/?page_id=782\">zur\u00fcck<\/a><\/em><\/p>\n","protected":false},"excerpt":{"rendered":"<p>Dezember 2013 Als Dankesch\u00f6n f\u00fcr die gute Zusammenarbeit mit der &#8222;Grundschule Tintenklecks&#8220; \u00fcberreichten wir zum Jahresende ein B\u00fccherpaket sowie einen B\u00fcchergutschein f\u00fcr die Erweiterung der Schulbibliothek. Au\u00dferdem begr\u00fc\u00dften wir unser <a class=\"more-link\" href=\"https:\/\/www.heimatverein-altmuegeln.de\/?page_id=1303\">Continue Reading \u2192<\/a><\/p>\n","protected":false},"author":3,"featured_media":0,"parent":0,"menu_order":0,"comment_status":"closed","ping_status":"closed","template":"","meta":{"footnotes":""},"class_list":["post-1303","page","type-page","status-publish","hentry"],"_links":{"self":[{"href":"https:\/\/www.heimatverein-altmuegeln.de\/index.php?rest_route=\/wp\/v2\/pages\/1303","targetHints":{"allow":["GET"]}}],"collection":[{"href":"https:\/\/www.heimatverein-altmuegeln.de\/index.php?rest_route=\/wp\/v2\/pages"}],"about":[{"href":"https:\/\/www.heimatverein-altmuegeln.de\/index.php?rest_route=\/wp\/v2\/types\/page"}],"author":[{"embeddable":true,"href":"https:\/\/www.heimatverein-altmuegeln.de\/index.php?rest_route=\/wp\/v2\/users\/3"}],"replies":[{"embeddable":true,"href":"https:\/\/www.heimatverein-altmuegeln.de\/index.php?rest_route=%2Fwp%2Fv2%2Fcomments&post=1303"}],"version-history":[{"count":122,"href":"https:\/\/www.heimatverein-altmuegeln.de\/index.php?rest_route=\/wp\/v2\/pages\/1303\/revisions"}],"predecessor-version":[{"id":7770,"href":"https:\/\/www.heimatverein-altmuegeln.de\/index.php?rest_route=\/wp\/v2\/pages\/1303\/revisions\/7770"}],"wp:attachment":[{"href":"https:\/\/www.heimatverein-altmuegeln.de\/index.php?rest_route=%2Fwp%2Fv2%2Fmedia&parent=1303"}],"curies":[{"name":"wp","href":"https:\/\/api.w.org\/{rel}","templated":true}]}}