{"id":2757,"date":"2013-05-05T17:19:23","date_gmt":"2013-05-05T17:19:23","guid":{"rendered":"https:\/\/www.heimatverein-altmuegeln.de\/?page_id=2757"},"modified":"2018-12-31T08:33:21","modified_gmt":"2018-12-31T08:33:21","slug":"2013-in-bildern","status":"publish","type":"page","link":"https:\/\/www.heimatverein-altmuegeln.de\/?page_id=2757","title":{"rendered":"2013 in Bildern"},"content":{"rendered":"<p style=\"text-align: center;\"><a href=\"https:\/\/www.heimatverein-altmuegeln.de\/?page_id=3535\">3. Drachenfest<\/a><\/p>\n<p style=\"text-align: center;\"><a href=\"https:\/\/www.heimatverein-altmuegeln.de\/?page_id=3295\">6. Seifenkistenrennen<\/a><\/p>\n<p style=\"text-align: center;\"><a href=\"https:\/\/www.heimatverein-altmuegeln.de\/?page_id=3013\">Festumzug 140 Jahre Feuerwehr M\u00fcgeln<\/a><\/p>\n<p style=\"text-align: center;\"><a href=\"https:\/\/www.heimatverein-altmuegeln.de\/?page_id=2942\">2013 1. Bobbycar&nbsp; KitaCup<\/a><\/p>\n<p style=\"text-align: center;\"><a href=\"https:\/\/www.heimatverein-altmuegeln.de\/?page_id=2803\">2. Muttertagsbrunch<\/a><\/p>\n<p style=\"text-align: center;\"><a title=\"Umzug Sch\u00fctzen\" href=\"https:\/\/www.heimatverein-altmuegeln.de\/?page_id=2774\">Festumzug der&nbsp; M\u00fcgelner Sch\u00fctzengesellschaft 1591-1990 e.V.<\/a><\/p>\n<p style=\"text-align: center;\"><a title=\"2013 Schaufenster\" href=\"https:\/\/www.heimatverein-altmuegeln.de\/?page_id=2754\">2013 Schaufenster<\/a><\/p>\n<hr>\n<p style=\"text-align: center;\">\u2190 <a href=\"https:\/\/www.heimatverein-altmuegeln.de\/?page_id=937\">Bildergalerie<\/a><\/p>\n","protected":false},"excerpt":{"rendered":"<p>3. Drachenfest 6. Seifenkistenrennen Festumzug 140 Jahre Feuerwehr M\u00fcgeln 2013 1. Bobbycar&nbsp; KitaCup 2. Muttertagsbrunch Festumzug der&nbsp; M\u00fcgelner Sch\u00fctzengesellschaft 1591-1990 e.V. 2013 Schaufenster \u2190 Bildergalerie<\/p>\n","protected":false},"author":3,"featured_media":0,"parent":0,"menu_order":0,"comment_status":"closed","ping_status":"closed","template":"","meta":{"footnotes":""},"class_list":["post-2757","page","type-page","status-publish","hentry"],"_links":{"self":[{"href":"https:\/\/www.heimatverein-altmuegeln.de\/index.php?rest_route=\/wp\/v2\/pages\/2757","targetHints":{"allow":["GET"]}}],"collection":[{"href":"https:\/\/www.heimatverein-altmuegeln.de\/index.php?rest_route=\/wp\/v2\/pages"}],"about":[{"href":"https:\/\/www.heimatverein-altmuegeln.de\/index.php?rest_route=\/wp\/v2\/types\/page"}],"author":[{"embeddable":true,"href":"https:\/\/www.heimatverein-altmuegeln.de\/index.php?rest_route=\/wp\/v2\/users\/3"}],"replies":[{"embeddable":true,"href":"https:\/\/www.heimatverein-altmuegeln.de\/index.php?rest_route=%2Fwp%2Fv2%2Fcomments&post=2757"}],"version-history":[{"count":53,"href":"https:\/\/www.heimatverein-altmuegeln.de\/index.php?rest_route=\/wp\/v2\/pages\/2757\/revisions"}],"predecessor-version":[{"id":6766,"href":"https:\/\/www.heimatverein-altmuegeln.de\/index.php?rest_route=\/wp\/v2\/pages\/2757\/revisions\/6766"}],"wp:attachment":[{"href":"https:\/\/www.heimatverein-altmuegeln.de\/index.php?rest_route=%2Fwp%2Fv2%2Fmedia&parent=2757"}],"curies":[{"name":"wp","href":"https:\/\/api.w.org\/{rel}","templated":true}]}}