{"id":5015,"date":"2015-12-26T08:53:49","date_gmt":"2015-12-26T08:53:49","guid":{"rendered":"https:\/\/www.heimatverein-altmuegeln.de\/?page_id=5015"},"modified":"2019-01-01T17:09:30","modified_gmt":"2019-01-01T17:09:30","slug":"rueckblicke-2015","status":"publish","type":"page","link":"https:\/\/www.heimatverein-altmuegeln.de\/?page_id=5015","title":{"rendered":"R\u00fcckblicke 2015"},"content":{"rendered":"<p style=\"text-align: left;\">Leider mussten wir unsere &#8222;Weihnachtsbaumverbrennung&#8220; am 17. Januar 2015 absagen, da&nbsp;die schlechten Wetterbedingungen im Januar unser Vereinsgel\u00e4nde &#8222;unbespielbar&#8220; machten.<\/p>\n<hr>\n<p style=\"text-align: left;\">Unserer Einladung am 05. April 2015 zum Osterfeuer sind viele Altm\u00fcgelner, Crellenhainer, M\u00fcgelner mit Freunden und Familien gefolgt. Bei sch\u00f6nem Fr\u00fchlingswetter wurde p\u00fcnktlich 17.00 Uhr das Feuer angez\u00fcndet. F\u00fcr das leibliche Wohl war gesorgt. Nat\u00fcrlich hatte der \u201eOsterhase\u201c auch an unsere kleinen G\u00e4ste gedacht.<\/p>\n<hr>\n<p style=\"text-align: left;\">Am Samstag, den 13.06.2015, ab 14.00 Uhr starteten wir unser 2. Crellenhainer Bergfest auf&nbsp;unserem Vereinsgel\u00e4nde. Zu Wildschwein am Spie\u00df, Kaffee und Kuchen, Sommerbowle u.v.m. trafen sich Jung und Alt. Weiterhin gab es den Eisstand der Klasse 7b der Goetheschule M\u00fcgeln und eine gro\u00dfe Tombola. H\u00f6hepunkt an diesem Nachmittag war das Bobbycarrennen f\u00fcr die j\u00fcngsten Besucher, welches als Ersatz f\u00fcr das ausfallende Seifenkistenrennen stattfand. Bei sch\u00f6nem Wetter traten 10 &#8222;Piloten&#8220; gegeneinander an. F\u00fcr gute Stimmung und kurze Weile sorgte Moderator Lutz Pechnig. Seinen Ausklang fand das 2. Bergfest in gem\u00fctlicher Runde.<\/p>\n<hr>\n<p style=\"text-align: left;\">Unserer Einladung zum Bobbycarrennen, welches wir am 16. August 2015 im Rahmen des &#8222;XX.Altstadtfestes in M\u00fcgeln&#8220; veranstalteten, sind 26 Kinder mit ihren Eltern und Gro\u00dfeltern gefolgt. P\u00fcnktlich 10 Uhr er\u00f6ffnete Moderator Lutz Pechnig den Wettbewerb. Nach der Er\u00f6ffnungsparade, die auf dem Karussell des \u201eSchaustellerbetriebes P\u00f6nitz\u201c absolviert wurde, ging es an den Start. Nach einem spannenden Rennen konnte sich Benjamin Burkhardt \u00fcber einen Familiengutschein f\u00fcr einen Erlebnisausflug mit der D\u00f6llnitzbahn freuen.<\/p>\n<hr>\n<p style=\"text-align: left;\">Wir&nbsp;waren dabei &#8230;<br \/>\nam Festwochenende \u201e130 Jahre Schmalspurbahnstrecke Oschatz-M\u00fcgeln\u201c Unser Verein unterst\u00fctzte diese Veranstaltung am 12. September 2015 mit einer Kindertombola.<\/p>\n<hr>\n<p style=\"text-align: left;\">&nbsp;Am 11. Oktober 2015&nbsp;war es wieder soweit &#8230;Drachenfest auf unserem Vereinsgel\u00e4nde. Bei sch\u00f6nem Herbstwetter konnte man wieder zahlreiche Drachen am Himmel tanzen sehen. Nat\u00fcrlich&nbsp;gab es auch ein &#8222;Bodenprogramm&#8220;. Neben Bobbycarrennen, Kinderschminken, Sch\u00e4tzwettbewerb u.v.m. wurden die sch\u00f6nsten, h\u00f6chsten und kreativsten Drachen pr\u00e4miert.<\/p>\n<hr>\n<p style=\"text-align: left;\">M\u00fcgelner Weihnachtsmarkt<\/p>\n<p style=\"text-align: left;\"><img loading=\"lazy\" decoding=\"async\" width=\"431\" height=\"305\" class=\"wp-image-5004 aligncenter\" alt=\"weima15\" src=\"https:\/\/www.heimatverein-altmuegeln.de\/wp-content\/uploads\/2015\/12\/weima15-600x421.jpg\"><\/p>\n<hr>\n<p style=\"text-align: center;\">\u2190 <a href=\"https:\/\/www.heimatverein-altmuegeln.de\/?page_id=782\">Zur\u00fcck <\/a><\/p>\n","protected":false},"excerpt":{"rendered":"<p>Leider mussten wir unsere &#8222;Weihnachtsbaumverbrennung&#8220; am 17. Januar 2015 absagen, da&nbsp;die schlechten Wetterbedingungen im Januar unser Vereinsgel\u00e4nde &#8222;unbespielbar&#8220; machten. Unserer Einladung am 05. April 2015 zum Osterfeuer sind viele Altm\u00fcgelner, <a class=\"more-link\" href=\"https:\/\/www.heimatverein-altmuegeln.de\/?page_id=5015\">Continue Reading \u2192<\/a><\/p>\n","protected":false},"author":3,"featured_media":0,"parent":0,"menu_order":0,"comment_status":"closed","ping_status":"closed","template":"","meta":{"footnotes":""},"class_list":["post-5015","page","type-page","status-publish","hentry"],"_links":{"self":[{"href":"https:\/\/www.heimatverein-altmuegeln.de\/index.php?rest_route=\/wp\/v2\/pages\/5015","targetHints":{"allow":["GET"]}}],"collection":[{"href":"https:\/\/www.heimatverein-altmuegeln.de\/index.php?rest_route=\/wp\/v2\/pages"}],"about":[{"href":"https:\/\/www.heimatverein-altmuegeln.de\/index.php?rest_route=\/wp\/v2\/types\/page"}],"author":[{"embeddable":true,"href":"https:\/\/www.heimatverein-altmuegeln.de\/index.php?rest_route=\/wp\/v2\/users\/3"}],"replies":[{"embeddable":true,"href":"https:\/\/www.heimatverein-altmuegeln.de\/index.php?rest_route=%2Fwp%2Fv2%2Fcomments&post=5015"}],"version-history":[{"count":13,"href":"https:\/\/www.heimatverein-altmuegeln.de\/index.php?rest_route=\/wp\/v2\/pages\/5015\/revisions"}],"predecessor-version":[{"id":7153,"href":"https:\/\/www.heimatverein-altmuegeln.de\/index.php?rest_route=\/wp\/v2\/pages\/5015\/revisions\/7153"}],"wp:attachment":[{"href":"https:\/\/www.heimatverein-altmuegeln.de\/index.php?rest_route=%2Fwp%2Fv2%2Fmedia&parent=5015"}],"curies":[{"name":"wp","href":"https:\/\/api.w.org\/{rel}","templated":true}]}}