{"id":558,"date":"2013-01-27T16:00:48","date_gmt":"2013-01-27T16:00:48","guid":{"rendered":"https:\/\/www.heimatverein-altmuegeln.de\/?page_id=558"},"modified":"2019-06-24T08:13:45","modified_gmt":"2019-06-24T08:13:45","slug":"vereinsgelaende","status":"publish","type":"page","link":"https:\/\/www.heimatverein-altmuegeln.de\/?page_id=558","title":{"rendered":"Vereinsgel\u00e4nde"},"content":{"rendered":"<h1><a href=\"https:\/\/www.heimatverein-altmuegeln.de\/wp-content\/uploads\/2013\/01\/vereinsgel\u00e4nde.jpg\"><br \/>\n<img loading=\"lazy\" decoding=\"async\" class=\"aligncenter wp-image-3968 size-large\" src=\"https:\/\/www.heimatverein-altmuegeln.de\/wp-content\/uploads\/2013\/01\/vereinsgel\u00e4nde-600x132.jpg\" alt=\"vereinsgel\u00e4nde\" width=\"584\" height=\"128\" srcset=\"https:\/\/www.heimatverein-altmuegeln.de\/wp-content\/uploads\/2013\/01\/vereinsgel\u00e4nde-600x132.jpg 600w, https:\/\/www.heimatverein-altmuegeln.de\/wp-content\/uploads\/2013\/01\/vereinsgel\u00e4nde-300x66.jpg 300w, https:\/\/www.heimatverein-altmuegeln.de\/wp-content\/uploads\/2013\/01\/vereinsgel\u00e4nde-500x110.jpg 500w, https:\/\/www.heimatverein-altmuegeln.de\/wp-content\/uploads\/2013\/01\/vereinsgel\u00e4nde.jpg 1000w\" sizes=\"auto, (max-width: 584px) 100vw, 584px\" \/><\/a><\/h1>\n<ul>\n<li>Unser Vereinsgel\u00e4nde erreichst Du am besten von der <span style=\"color: #ffffff;\"><em>Wermsdorfer Stra\u00dfe<\/em> <\/span>kommend \u00fcber die <span style=\"color: #ffffff;\"><em>Altm\u00fcgelner Stra\u00dfe<\/em> <\/span>(ehemals Stra\u00dfe des Friedens). Die besten Parkm\u00f6glichkeiten findest Du im Bereich der <span style=\"color: #ffffff;\"><em>Grundschule Tintenklecks<\/em><\/span>. Von da aus sind es ca. 150 m bis\u00a0<span style=\"color: #c0c0c0;\">zum<\/span> <span style=\"color: #ffffff;\"><em>n\u00f6rdlichen Tor des Friedhofs<\/em><\/span>. Nun geht es noch ca. 100 m den <span style=\"color: #ffffff;\"><em>Kirchberg<\/em><\/span> hinauf und schon befindest Du dich auf unserem Vereinsgel\u00e4nde.<\/li>\n<li>Solltest Du \u00fcber Crellenhain anreisen, verl\u00e4sst Du die <span style=\"color: #ffffff;\"><em>Wermsdorfer Stra\u00dfe<\/em> <\/span>am <span style=\"color: #ffffff;\"><em>Abzweig S\u00fcdstra\u00dfe<\/em><\/span>, folgst diesem bis <span style=\"color: #ffffff;\"><em>Zum Lehmberg<\/em> <\/span>und solltest Dir jetzt einen Parkplatz suchen. Nun sind es nur ein paar Schritte <span style=\"color: #ffffff;\"><em>Rich<\/em><\/span><span style=\"color: #ffffff;\"><em>tung S\u00fcden<\/em> (Kirche).<\/span><a href=\"https:\/\/www.heimatverein-altmuegeln.de\/wp-content\/uploads\/2019\/06\/Vereinsgelande1.jpeg\"><br \/>\n<\/a><\/li>\n<\/ul>\n<p style=\"text-align: center;\"><a href=\"https:\/\/www.heimatverein-altmuegeln.de\/wp-content\/uploads\/2019\/06\/Vereinsgelande1.jpeg\"><img loading=\"lazy\" decoding=\"async\" class=\"aligncenter size-thumbnail wp-image-7260\" src=\"https:\/\/www.heimatverein-altmuegeln.de\/wp-content\/uploads\/2019\/06\/Vereinsgelande1-420x337.jpeg\" alt=\"\" width=\"420\" height=\"337\" srcset=\"https:\/\/www.heimatverein-altmuegeln.de\/wp-content\/uploads\/2019\/06\/Vereinsgelande1-420x337.jpeg 420w, https:\/\/www.heimatverein-altmuegeln.de\/wp-content\/uploads\/2019\/06\/Vereinsgelande1-768x616.jpeg 768w, https:\/\/www.heimatverein-altmuegeln.de\/wp-content\/uploads\/2019\/06\/Vereinsgelande1-640x513.jpeg 640w, https:\/\/www.heimatverein-altmuegeln.de\/wp-content\/uploads\/2019\/06\/Vereinsgelande1.jpeg 2000w\" sizes=\"auto, (max-width: 420px) 100vw, 420px\" \/><\/a><span style=\"color: #333333;\">Foto: Google Maps<\/span><\/p>\n<div style=\"width: 600px; text-align: center;\"><\/div>\n<hr \/>\n<p style=\"text-align: center;\"><em>\u2190<a href=\"https:\/\/www.heimatverein-altmuegeln.de\/?page_id=8\">Zur\u00fcck<\/a>\u00a0\u00a0\u00a0\u00a0\u00a0\u00a0\u00a0\u00a0\u00a0\u00a0\u00a0\u00a0\u00a0\u00a0\u00a0\u00a0\u00a0\u00a0\u00a0\u00a0\u00a0\u00a0\u00a0\u00a0\u00a0\u00a0\u00a0\u00a0\u00a0\u00a0 \u2190<a href=\"https:\/\/www.heimatverein-altmuegeln.de\/\">Home<\/a><\/em><\/p>\n","protected":false},"excerpt":{"rendered":"<p>Unser Vereinsgel\u00e4nde erreichst Du am besten von der Wermsdorfer Stra\u00dfe kommend \u00fcber die Altm\u00fcgelner Stra\u00dfe (ehemals Stra\u00dfe des Friedens). Die besten Parkm\u00f6glichkeiten findest Du im Bereich der Grundschule Tintenklecks. Von <a class=\"more-link\" href=\"https:\/\/www.heimatverein-altmuegeln.de\/?page_id=558\">Continue Reading \u2192<\/a><\/p>\n","protected":false},"author":3,"featured_media":0,"parent":0,"menu_order":0,"comment_status":"closed","ping_status":"closed","template":"","meta":{"footnotes":""},"class_list":["post-558","page","type-page","status-publish","hentry"],"_links":{"self":[{"href":"https:\/\/www.heimatverein-altmuegeln.de\/index.php?rest_route=\/wp\/v2\/pages\/558","targetHints":{"allow":["GET"]}}],"collection":[{"href":"https:\/\/www.heimatverein-altmuegeln.de\/index.php?rest_route=\/wp\/v2\/pages"}],"about":[{"href":"https:\/\/www.heimatverein-altmuegeln.de\/index.php?rest_route=\/wp\/v2\/types\/page"}],"author":[{"embeddable":true,"href":"https:\/\/www.heimatverein-altmuegeln.de\/index.php?rest_route=\/wp\/v2\/users\/3"}],"replies":[{"embeddable":true,"href":"https:\/\/www.heimatverein-altmuegeln.de\/index.php?rest_route=%2Fwp%2Fv2%2Fcomments&post=558"}],"version-history":[{"count":54,"href":"https:\/\/www.heimatverein-altmuegeln.de\/index.php?rest_route=\/wp\/v2\/pages\/558\/revisions"}],"predecessor-version":[{"id":7280,"href":"https:\/\/www.heimatverein-altmuegeln.de\/index.php?rest_route=\/wp\/v2\/pages\/558\/revisions\/7280"}],"wp:attachment":[{"href":"https:\/\/www.heimatverein-altmuegeln.de\/index.php?rest_route=%2Fwp%2Fv2%2Fmedia&parent=558"}],"curies":[{"name":"wp","href":"https:\/\/api.w.org\/{rel}","templated":true}]}}