{"id":5996,"date":"2017-12-31T09:11:47","date_gmt":"2017-12-31T09:11:47","guid":{"rendered":"https:\/\/www.heimatverein-altmuegeln.de\/?page_id=5996"},"modified":"2019-01-01T17:01:04","modified_gmt":"2019-01-01T17:01:04","slug":"rueckblicke-2017","status":"publish","type":"page","link":"https:\/\/www.heimatverein-altmuegeln.de\/?page_id=5996","title":{"rendered":"R\u00fcckblicke 2017"},"content":{"rendered":"<p><strong><span style=\"color: #ff6600;\">Noch ein Erfolgserlebnis &#8230;<\/span><\/strong><\/p>\n<p><a href=\"https:\/\/www.heimatverein-altmuegeln.de\/wp-content\/uploads\/2017\/12\/2017-Dach-offen.jpg\"><img loading=\"lazy\" decoding=\"async\" width=\"194\" height=\"100\" class=\"alignleft wp-image-6074\" alt=\"\" src=\"https:\/\/www.heimatverein-altmuegeln.de\/wp-content\/uploads\/2017\/12\/2017-Dach-offen-420x217.jpg\" srcset=\"https:\/\/www.heimatverein-altmuegeln.de\/wp-content\/uploads\/2017\/12\/2017-Dach-offen-420x217.jpg 420w, https:\/\/www.heimatverein-altmuegeln.de\/wp-content\/uploads\/2017\/12\/2017-Dach-offen-744x384.jpg 744w, https:\/\/www.heimatverein-altmuegeln.de\/wp-content\/uploads\/2017\/12\/2017-Dach-offen-768x397.jpg 768w, https:\/\/www.heimatverein-altmuegeln.de\/wp-content\/uploads\/2017\/12\/2017-Dach-offen-300x155.jpg 300w, https:\/\/www.heimatverein-altmuegeln.de\/wp-content\/uploads\/2017\/12\/2017-Dach-offen.jpg 912w\" sizes=\"auto, (max-width: 194px) 100vw, 194px\" \/><\/a><a href=\"https:\/\/www.heimatverein-altmuegeln.de\/wp-content\/uploads\/2017\/12\/2017-Dach-mit-Planen.jpg\"><img loading=\"lazy\" decoding=\"async\" width=\"165\" height=\"100\" class=\"wp-image-6073 alignright\" alt=\"\" src=\"https:\/\/www.heimatverein-altmuegeln.de\/wp-content\/uploads\/2017\/12\/2017-Dach-mit-Planen-420x255.jpg\" srcset=\"https:\/\/www.heimatverein-altmuegeln.de\/wp-content\/uploads\/2017\/12\/2017-Dach-mit-Planen-420x255.jpg 420w, https:\/\/www.heimatverein-altmuegeln.de\/wp-content\/uploads\/2017\/12\/2017-Dach-mit-Planen-744x452.jpg 744w, https:\/\/www.heimatverein-altmuegeln.de\/wp-content\/uploads\/2017\/12\/2017-Dach-mit-Planen-768x466.jpg 768w, https:\/\/www.heimatverein-altmuegeln.de\/wp-content\/uploads\/2017\/12\/2017-Dach-mit-Planen-300x182.jpg 300w, https:\/\/www.heimatverein-altmuegeln.de\/wp-content\/uploads\/2017\/12\/2017-Dach-mit-Planen.jpg 922w\" sizes=\"auto, (max-width: 165px) 100vw, 165px\" \/><\/a>In diesem Jahr wurde die &#8222;\u00dcberdachung&#8220; auf unserem Vereinsgel\u00e4nde fertig gestellt!<\/p>\n<p>&nbsp;<\/p>\n<p style=\"text-align: center;\">Danke allen Helfern und Sponsoren!<\/p>\n<hr>\n<h6 style=\"text-align: center;\"><b><span style=\"color: #005000;\">&nbsp;<\/span><\/b><\/h6>\n<p><a href=\"https:\/\/www.heimatverein-altmuegeln.de\/wp-content\/uploads\/2017\/12\/eaz.jpeg\"><img loading=\"lazy\" decoding=\"async\" width=\"90\" height=\"124\" class=\" wp-image-6009 alignleft\" alt=\"\" src=\"https:\/\/www.heimatverein-altmuegeln.de\/wp-content\/uploads\/2017\/12\/eaz-420x595.jpeg\"><\/a>Mit unserem <span style=\"color: #ff6600;\">Adventszauber<\/span> am <span style=\"color: #ff6600;\">3. Advent<\/span> haben wir auch einen sch\u00f6nen Jahresabschlu\u00df geschaffen, der vielleicht zur Tradition werden wird. Viele gro\u00dfe und kleine Besucher kamen in unser beheiztes Zelt zu selbstgebackenem Stollen, Kaffee, Bratwurst, Gl\u00fchwein und nicht zuletzt zum &#8222;Crellenhainschen&#8220; Weihnachtsmann.<\/p>\n<hr>\n<p>&nbsp;<\/p>\n<p><a href=\"https:\/\/www.heimatverein-altmuegeln.de\/wp-content\/uploads\/2017\/12\/Muegelner-Verein-sorgt-fuer-Buecher-Bescherung-in-der-Grundschule_BildZweispaltig.jpg\"><img loading=\"lazy\" decoding=\"async\" width=\"240\" height=\"160\" class=\"size-full wp-image-6016 alignleft\" alt=\"\" src=\"https:\/\/www.heimatverein-altmuegeln.de\/wp-content\/uploads\/2017\/12\/Muegelner-Verein-sorgt-fuer-Buecher-Bescherung-in-der-Grundschule_BildZweispaltig.jpg\"><\/a>Dar\u00fcber hinaus haben wir die <span style=\"color: #ff6600;\">Grundschule Tintenklecks<\/span> mit einem <span style=\"color: #ff6600;\">B\u00fccherpaket<\/span> im <span style=\"color: #ff6600;\">Wert von 100 EURO<\/span> f\u00fcr die Schulbibliothek bedacht und <span style=\"color: #ff6600;\">100 EURO<\/span> an die <span style=\"color: #ff6600;\">Radio PSR-Spendensong-Aktion<\/span> zur Unterst\u00fctzung von s\u00e4chsischen Familien im Kampf gegen Krebs gespendet &#8230;<\/p>\n<p>&nbsp;<\/p>\n<hr>\n<p>Am Freitag, den 01.Dezember 2017, ab 16 Uhr konnten wir wieder in vorweihnachtlicher Atmosph\u00e4re mit Gl\u00fchwein, Kinderpunsch, Roster und Schaschlik zum <span style=\"color: #ff6600;\">\u201eVorgl\u00fchen\u201c<\/span> auf den M\u00fcgelner Weihnachtsmarkt einladen.<br \/>\n<img loading=\"lazy\" decoding=\"async\" width=\"400\" height=\"225\" class=\"aligncenter wp-image-6001\" alt=\"\" src=\"https:\/\/www.heimatverein-altmuegeln.de\/wp-content\/uploads\/2017\/12\/IMG_0033.jpg\" srcset=\"https:\/\/www.heimatverein-altmuegeln.de\/wp-content\/uploads\/2017\/12\/IMG_0033.jpg 600w, https:\/\/www.heimatverein-altmuegeln.de\/wp-content\/uploads\/2017\/12\/IMG_0033-420x237.jpg 420w, https:\/\/www.heimatverein-altmuegeln.de\/wp-content\/uploads\/2017\/12\/IMG_0033-300x169.jpg 300w\" sizes=\"auto, (max-width: 400px) 100vw, 400px\" \/><\/p>\n<p>Unsere Verkaufsbude wurde am Samstag von der Klasse 10 der Goetheschule betreut, die mit Verkauf von Gl\u00fchwein, Kinderpunsch, Weihnachtsbasteleien und einer Weihnachts-Kindertombola ihre Klassenkasse aufbessern konnte.<\/p>\n<p>Am Sonntag, verkauften wir neben Apfelgl\u00fchwein und Kinderpunsch Fettbemmen und selbst gebastelte Weihnachtsdekoration, u.a. Weihnachtskarten und beleuchtete Weihnachtssterne.<\/p>\n<p><img loading=\"lazy\" decoding=\"async\" width=\"400\" height=\"225\" class=\"wp-image-6008 aligncenter\" alt=\"\" src=\"https:\/\/www.heimatverein-altmuegeln.de\/wp-content\/uploads\/2017\/12\/IMG-20171204-WA0001.jpg\" srcset=\"https:\/\/www.heimatverein-altmuegeln.de\/wp-content\/uploads\/2017\/12\/IMG-20171204-WA0001.jpg 600w, https:\/\/www.heimatverein-altmuegeln.de\/wp-content\/uploads\/2017\/12\/IMG-20171204-WA0001-420x237.jpg 420w, https:\/\/www.heimatverein-altmuegeln.de\/wp-content\/uploads\/2017\/12\/IMG-20171204-WA0001-300x169.jpg 300w\" sizes=\"auto, (max-width: 400px) 100vw, 400px\" \/><\/p>\n<hr>\n<p style=\"text-align: left;\"><img loading=\"lazy\" decoding=\"async\" width=\"744\" height=\"148\" class=\"alignnone size-medium wp-image-5924\" alt=\"\" src=\"https:\/\/www.heimatverein-altmuegeln.de\/wp-content\/uploads\/2017\/10\/7.-DraFe-744x148.jpeg\" srcset=\"https:\/\/www.heimatverein-altmuegeln.de\/wp-content\/uploads\/2017\/10\/7.-DraFe-744x148.jpeg 744w, https:\/\/www.heimatverein-altmuegeln.de\/wp-content\/uploads\/2017\/10\/7.-DraFe-420x84.jpeg 420w, https:\/\/www.heimatverein-altmuegeln.de\/wp-content\/uploads\/2017\/10\/7.-DraFe-768x153.jpeg 768w, https:\/\/www.heimatverein-altmuegeln.de\/wp-content\/uploads\/2017\/10\/7.-DraFe-300x60.jpeg 300w, https:\/\/www.heimatverein-altmuegeln.de\/wp-content\/uploads\/2017\/10\/7.-DraFe.jpeg 1000w\" sizes=\"auto, (max-width: 744px) 100vw, 744px\" \/><\/p>\n<p style=\"text-align: left;\"><span style=\"color: #ff6600;\"><b>Gelungenes Drachenfest<\/b><\/span><\/p>\n<p style=\"text-align: left;\">Nach den sch\u00f6nen Herbsttagen der letzten Woche kam am Sonntag, den <span style=\"color: #ff6600;\">22. Oktober 2017<\/span>, noch eine richtige Brise Wind dazu. Damit war alles perfekt f\u00fcr unser Drachenfest. Zahlreiche Besucher kamen auf unser Vereinsgel\u00e4nde, um ihre Drachen steigen zu lassen. Pr\u00e4miert wurden am Ende der sch\u00f6nste-, h\u00f6chste- und kreativste Drachen. Nat\u00fcrlich gab es auch wieder ein buntes \u201eBodenprogramm\u201c. Neben Kinderschminken, Sch\u00e4tzwettbewerb und Videoschie\u00dfen konnte man unseren Verein bei der \u201eING-Diba \u2013 Du und Dein Verein\u201c Aktion unterst\u00fctzen. F\u00fcr das leibliche Wohl war reichlich gesorgt. Von Kaffee und Kuchen bis Gl\u00fchwein, Bier, Bratwurst und Kartoffelsuppe war f\u00fcr jeden etwas dabei.<br \/>\n<span style=\"color: #ff6600;\">DANKE<\/span> an alle flei\u00dfigen Helfer und den M\u00fcgelner Sch\u00fctzenverein f\u00fcr die Unterst\u00fctzung!<br \/>\nBilder sind auf unserer Internetseite zu finden &#8230;<\/p>\n<hr>\n<p><a href=\"https:\/\/www.heimatverein-altmuegeln.de\/wp-content\/uploads\/2017\/12\/collage-bobby.jpeg\"><img loading=\"lazy\" decoding=\"async\" width=\"1000\" height=\"135\" class=\"wp-image-6123 size-full aligncenter\" alt=\"\" src=\"https:\/\/www.heimatverein-altmuegeln.de\/wp-content\/uploads\/2017\/12\/collage-bobby.jpeg\" srcset=\"https:\/\/www.heimatverein-altmuegeln.de\/wp-content\/uploads\/2017\/12\/collage-bobby.jpeg 1000w, https:\/\/www.heimatverein-altmuegeln.de\/wp-content\/uploads\/2017\/12\/collage-bobby-420x57.jpeg 420w, https:\/\/www.heimatverein-altmuegeln.de\/wp-content\/uploads\/2017\/12\/collage-bobby-744x100.jpeg 744w, https:\/\/www.heimatverein-altmuegeln.de\/wp-content\/uploads\/2017\/12\/collage-bobby-768x104.jpeg 768w, https:\/\/www.heimatverein-altmuegeln.de\/wp-content\/uploads\/2017\/12\/collage-bobby-300x41.jpeg 300w\" sizes=\"auto, (max-width: 1000px) 100vw, 1000px\" \/><\/a><\/p>\n<p style=\"text-align: left;\">Im Rahmen des <span style=\"color: #ff6600;\">\u201eM\u00fcgelner Altstadtfestes\u201c<\/span> fand wieder unser <span style=\"color: #ff6600;\">\u201eBobbycar-Rennen\u201c<\/span> statt. Bei sch\u00f6nem Wetter gingen 21 kleine Rennfahrer an den Start. Es hat wieder sehr viel Spa\u00df gemacht und wir hoffen auf ein neues spannendes Rennen 2018. DANKE an alle, die uns unterst\u00fctzt haben!<a href=\"https:\/\/www.heimatverein-altmuegeln.de\/wp-content\/uploads\/2018\/01\/21015725_1452149928202183_626029546897677487_o.jpg\"><img loading=\"lazy\" decoding=\"async\" width=\"283\" height=\"187\" class=\"wp-image-6337 alignright\" alt=\"\" src=\"https:\/\/www.heimatverein-altmuegeln.de\/wp-content\/uploads\/2018\/01\/21015725_1452149928202183_626029546897677487_o-420x273.jpg\"><\/a><\/p>\n<p>&nbsp;<\/p>\n<p>&nbsp;<\/p>\n<p style=\"text-align: left;\">Weiterhin waren wir mit einer <span style=\"color: #ff6600;\">Kindertombola<\/span> vor dem &#8222;Haarstudio Curly&#8220; vertreten.<\/p>\n<hr>\n<p style=\"text-align: left;\">Am <span style=\"color: #ff6600;\">12. August 2017<\/span> fand das <span style=\"color: #ff6600;\">1. Vereinspokalschie\u00dfen der M\u00fcgelner Sch\u00fctzengesellschaft<\/span> statt. Unser Verein war mit 2 Mannschaften vertreten. Leider reichte es nur f\u00fcr eine mittlere Platzierung. Trotzdem hat es viel Spa\u00df gemacht und wir werden auch 2018 dabei sein.<\/p>\n<hr>\n<p style=\"text-align: left;\"><a href=\"https:\/\/www.heimatverein-altmuegeln.de\/wp-content\/uploads\/2017\/12\/2017-\u00dcbergabe-Stadtbaduhr.jpg\"><img loading=\"lazy\" decoding=\"async\" width=\"265\" height=\"172\" class=\" wp-image-6070 alignright\" alt=\"\" src=\"https:\/\/www.heimatverein-altmuegeln.de\/wp-content\/uploads\/2017\/12\/2017-\u00dcbergabe-Stadtbaduhr-420x267.jpg\"><\/a>\u201eM\u00fcgelner Badeg\u00e4ste wissen jetzt, was die Stunde schl\u00e4gt&#8230;\u201c so berichtete die OAZ im August.<br \/>\nDa noch nach der \u00dcbergabe des Spendenschecks unserer \u201eStadtbadunterst\u00fctzer\u201c-Aktion einige Spenden zusammen kamen, \u00fcberlegte sich Michael Simbke, wie man dieses Geld sinnvoll im M\u00fcgelner Stadtbad verwenden k\u00f6nnte.<\/p>\n<p>Das Ergebnis \u2026 eine <span style=\"color: #ff6600;\">neue Uhr f\u00fcr unser Bad<\/span>.<br \/>\nZusammen mit der \u201eAusbau M\u00fcgeln\u201c wurde dieses Projekt realisiert und am <span style=\"color: #ff6600;\">04. August 2017<\/span> dem Badteam \u00fcbergeben.<\/p>\n<hr>\n<p><strong><span style=\"color: #ff6600;\">Bergfest<\/span><\/strong><br \/>\n<a href=\"https:\/\/www.heimatverein-altmuegeln.de\/wp-content\/uploads\/2017\/10\/plakat-bergfest-web.jpg\"><img loading=\"lazy\" decoding=\"async\" width=\"147\" height=\"203\" class=\" wp-image-5855 alignleft\" alt=\"\" src=\"https:\/\/www.heimatverein-altmuegeln.de\/wp-content\/uploads\/2017\/10\/plakat-bergfest-web-420x594.jpg\"><\/a>Wundersch\u00f6ne Motorr\u00e4der und Mopeds gab es bei unserer kleinen <span style=\"color: #ff6600;\">\u201eZweirad-Oldtimer-Ausstellung\u201c<\/span> am Samstag, den <span style=\"color: #ff6600;\">10. Juni 2917<\/span>, anl\u00e4sslich unseres <span style=\"color: #ff6600;\">4. Crellenhainer Bergfestes<\/span> zu bestaunen. Ein gro\u00dfes Dankesch\u00f6n an alle Teilnehmer, hat Spa\u00df gemacht. Und auch unsere kleinen G\u00e4ste kamen auf ihre Kosten. Sie konnten ihre Geschicklichkeit testen oder sich auf der Hopseburg austoben. F\u00fcr den musikalischen Rahmen zu Kaffee und Kuchen sorgten die \u201eKemmlitzer Blasmusikanten\u201c. Zwar h\u00e4tten wir uns ein paar G\u00e4ste mehr gew\u00fcnscht, trotzdem war es ein sch\u00f6nes Fest f\u00fcr alle, die den Weg auf unser Vereinsgel\u00e4nde gefunden haben.<\/p>\n<hr>\n<p style=\"text-align: center;\"><a href=\"https:\/\/www.heimatverein-altmuegeln.de\/wp-content\/uploads\/2017\/12\/2017-05-header-badewannenrennen-e1514715320920.jpg\"><img loading=\"lazy\" decoding=\"async\" width=\"600\" height=\"116\" class=\"alignnone size-large wp-image-6077\" alt=\"\" src=\"https:\/\/www.heimatverein-altmuegeln.de\/wp-content\/uploads\/2017\/12\/2017-05-header-badewannenrennen-1200x232.jpg\"><\/a><\/p>\n<p><span style=\"color: #ff6600;\"><strong>Unser Beitrag zur Stadtbader\u00f6ffnung \u2026<\/strong><\/span><br \/>\nNach unserer gro\u00dfen Spendenaktion f\u00fcr unser Stadtbad im letzten Jahr, waren wir nat\u00fcrlich auch bei der <span style=\"color: #ff6600;\">\u201eWiederer\u00f6ffnung\u201c<\/span> am <span style=\"color: #ff6600;\">13. Mai 2017<\/span> dabei. Die Kindertombola lief perfekt und das Badewannenrennen war ein voller Erfolg. Das \u201eCrellenhainis-Team\u201c gewann vor dem \u201ePink Lady Team\u201c und dem \u201eGr\u00fcndling-Einer\u201c. Allen aktiven Beteiligten und G\u00e4sten ein gro\u00dfes Dankesch\u00f6n.<\/p>\n<hr>\n<p><strong><span style=\"color: #ff6600;\">Osterfeuer<\/span><\/strong><br \/>\n<a href=\"https:\/\/www.heimatverein-altmuegeln.de\/wp-content\/uploads\/2017\/10\/2017-04-Plakat-Osterfeuer-web.jpg\"><img loading=\"lazy\" decoding=\"async\" width=\"290\" height=\"167\" class=\"wp-image-5784 alignleft\" alt=\"\" src=\"https:\/\/www.heimatverein-altmuegeln.de\/wp-content\/uploads\/2017\/10\/2017-04-Plakat-Osterfeuer-web-420x237.jpg\"><\/a>Da haben wir wieder einmal Gl\u00fcck gehabt \u2026mit dem Wetter. Am Ostersonntag, den <span style=\"color: #ff6600;\">16. April 2017<\/span>, fand wieder unser traditionelles <span style=\"color: #ff6600;\">Osterfeuer<\/span> auf unserem Vereinsgel\u00e4nde statt. Trotz der doch k\u00fchlen Temperaturen haben sich viele Besucher auf den Weg gemacht, um wieder dabei zu sein.<br \/>\nEin gro\u00dfes Dankesch\u00f6n an das Team um J\u00fcrgen Katscher f\u00fcr die gelungene Veranstaltung!<\/p>\n<hr>\n<p><strong><span style=\"color: #ff6600;\">Schaufenstergalerie<\/span><\/strong><\/p>\n<p><a href=\"https:\/\/www.heimatverein-altmuegeln.de\/wp-content\/uploads\/2017\/12\/17884301_1944126599151685_7232855626317514352_n.jpg\"><img loading=\"lazy\" decoding=\"async\" width=\"316\" height=\"136\" class=\" wp-image-6081 alignright\" alt=\"\" src=\"https:\/\/www.heimatverein-altmuegeln.de\/wp-content\/uploads\/2017\/12\/17884301_1944126599151685_7232855626317514352_n-420x174.jpg\"><\/a>Ab dem <span style=\"color: #ff6600;\">10. April 2017<\/span> sollten die <span style=\"color: #ff6600;\">Schaufenster<\/span> in M\u00fcgeln zur <span style=\"color: #ff6600;\">Galerie<\/span> werden.<br \/>\nEine neue Idee wurde in M\u00fcgeln in die Tat umgesetzt. Der M\u00fcgelner Heimatverein \u201eMogelin\u201c rief in Absprache mit H\u00e4ndlern der Stadt und in Zusammenarbeit mit dem B\u00fcrger- und Heimatverein Altm\u00fcgeln-Crellenhain e.V. zu einer Schaufenstergalerie auf. Diese sollte entlang der neu gestalteten Haupt- und Gesch\u00e4ftsstra\u00dfe in M\u00fcgeln entstehen. \u201eGeplant war, die Schaufenster im Rahmen der M\u00f6glichkeiten der jeweiligen Inhaber in eine Galerie zu verwandeln. Jeder B\u00fcrger aus M\u00fcgeln und Umgebung konnte mitmachen. Das Spektrum reichte von Malerei, Fotografie, Handarbeit und Holzarbeit und vielem mehr, bis zu kreativem Basteln.<\/p>\n<hr>\n<p><strong><span style=\"color: #ff6600;\">Vorstandswahl<\/span><\/strong><\/p>\n<p>Der Neue ist der Alte &#8230;.<br \/>\nIn unserer Mitgliederversammlung am <span style=\"color: #ff6600;\">01. Februar 2017<\/span> wurde der alte <span style=\"color: #ff6600;\">Vorstand<\/span> in seinen \u00c4mtern erneut <span style=\"color: #ff6600;\">best\u00e4tigt<\/span>.<br \/>\n&#8230; auf 3 erfolgreiche Vereinsjahre &#8230;<\/p>\n<hr>\n<p style=\"text-align: center;\">\u2190<a href=\"https:\/\/www.heimatverein-altmuegeln.de\/?page_id=782\">zur\u00fcck<\/a><\/p>\n","protected":false},"excerpt":{"rendered":"<p>Noch ein Erfolgserlebnis &#8230; In diesem Jahr wurde die &#8222;\u00dcberdachung&#8220; auf unserem Vereinsgel\u00e4nde fertig gestellt! &nbsp; Danke allen Helfern und Sponsoren! &nbsp; Mit unserem Adventszauber am 3. Advent haben wir <a class=\"more-link\" href=\"https:\/\/www.heimatverein-altmuegeln.de\/?page_id=5996\">Continue Reading \u2192<\/a><\/p>\n","protected":false},"author":3,"featured_media":0,"parent":0,"menu_order":0,"comment_status":"closed","ping_status":"closed","template":"","meta":{"footnotes":""},"class_list":["post-5996","page","type-page","status-publish","hentry"],"_links":{"self":[{"href":"https:\/\/www.heimatverein-altmuegeln.de\/index.php?rest_route=\/wp\/v2\/pages\/5996","targetHints":{"allow":["GET"]}}],"collection":[{"href":"https:\/\/www.heimatverein-altmuegeln.de\/index.php?rest_route=\/wp\/v2\/pages"}],"about":[{"href":"https:\/\/www.heimatverein-altmuegeln.de\/index.php?rest_route=\/wp\/v2\/types\/page"}],"author":[{"embeddable":true,"href":"https:\/\/www.heimatverein-altmuegeln.de\/index.php?rest_route=\/wp\/v2\/users\/3"}],"replies":[{"embeddable":true,"href":"https:\/\/www.heimatverein-altmuegeln.de\/index.php?rest_route=%2Fwp%2Fv2%2Fcomments&post=5996"}],"version-history":[{"count":31,"href":"https:\/\/www.heimatverein-altmuegeln.de\/index.php?rest_route=\/wp\/v2\/pages\/5996\/revisions"}],"predecessor-version":[{"id":7147,"href":"https:\/\/www.heimatverein-altmuegeln.de\/index.php?rest_route=\/wp\/v2\/pages\/5996\/revisions\/7147"}],"wp:attachment":[{"href":"https:\/\/www.heimatverein-altmuegeln.de\/index.php?rest_route=%2Fwp%2Fv2%2Fmedia&parent=5996"}],"curies":[{"name":"wp","href":"https:\/\/api.w.org\/{rel}","templated":true}]}}