{"id":6379,"date":"2018-04-02T14:56:55","date_gmt":"2018-04-02T14:56:55","guid":{"rendered":"https:\/\/www.heimatverein-altmuegeln.de\/?page_id=6379"},"modified":"2018-12-31T08:42:47","modified_gmt":"2018-12-31T08:42:47","slug":"2018-in-bildern","status":"publish","type":"page","link":"https:\/\/www.heimatverein-altmuegeln.de\/?page_id=6379","title":{"rendered":"2018 in Bildern"},"content":{"rendered":"<p style=\"text-align: center;\"><a href=\"https:\/\/www.heimatverein-altmuegeln.de\/?page_id=6363\">2018 Osterfeuer<\/a><\/p>\n<p style=\"text-align: center;\"><a href=\"https:\/\/www.heimatverein-altmuegeln.de\/?page_id=6435\">2018 5. Bergfest mit Riesentischfu\u00dfballturnier<\/a><\/p>\n<p style=\"text-align: center;\"><a href=\"https:\/\/www.heimatverein-altmuegeln.de\/?page_id=6534\">8. Drachenfest 2018<\/a><\/p>\n<p style=\"text-align: center;\"><a href=\"https:\/\/www.heimatverein-altmuegeln.de\/?page_id=6593\">Feierliche Scheck\u00fcbergabe<\/a><\/p>\n<p style=\"text-align: center;\"><a href=\"https:\/\/www.heimatverein-altmuegeln.de\/wp-admin\/post.php?post=6715&amp;action=edit\">2018 35. M\u00fcgelner Weihnachtsmarkt<\/a><\/p>\n<p style=\"text-align: center;\"><a href=\"https:\/\/www.heimatverein-altmuegeln.de\/?page_id=6813\">2018 Adventszauber<\/a><\/p>\n<p style=\"text-align: center;\"><a href=\"https:\/\/www.heimatverein-altmuegeln.de\/?page_id=6917\">2018 Schaufenster<\/a><\/p>\n<hr \/>\n<p style=\"text-align: center;\">\u2190 <a href=\"https:\/\/www.heimatverein-altmuegeln.de\/?page_id=937\">Bildergalerie<\/a><\/p>\n","protected":false},"excerpt":{"rendered":"<p>2018 Osterfeuer 2018 5. Bergfest mit Riesentischfu\u00dfballturnier 8. Drachenfest 2018 Feierliche Scheck\u00fcbergabe 2018 35. M\u00fcgelner Weihnachtsmarkt 2018 Adventszauber 2018 Schaufenster \u2190 Bildergalerie<\/p>\n","protected":false},"author":3,"featured_media":0,"parent":0,"menu_order":0,"comment_status":"closed","ping_status":"closed","template":"","meta":{"footnotes":""},"class_list":["post-6379","page","type-page","status-publish","hentry"],"_links":{"self":[{"href":"https:\/\/www.heimatverein-altmuegeln.de\/index.php?rest_route=\/wp\/v2\/pages\/6379","targetHints":{"allow":["GET"]}}],"collection":[{"href":"https:\/\/www.heimatverein-altmuegeln.de\/index.php?rest_route=\/wp\/v2\/pages"}],"about":[{"href":"https:\/\/www.heimatverein-altmuegeln.de\/index.php?rest_route=\/wp\/v2\/types\/page"}],"author":[{"embeddable":true,"href":"https:\/\/www.heimatverein-altmuegeln.de\/index.php?rest_route=\/wp\/v2\/users\/3"}],"replies":[{"embeddable":true,"href":"https:\/\/www.heimatverein-altmuegeln.de\/index.php?rest_route=%2Fwp%2Fv2%2Fcomments&post=6379"}],"version-history":[{"count":18,"href":"https:\/\/www.heimatverein-altmuegeln.de\/index.php?rest_route=\/wp\/v2\/pages\/6379\/revisions"}],"predecessor-version":[{"id":7091,"href":"https:\/\/www.heimatverein-altmuegeln.de\/index.php?rest_route=\/wp\/v2\/pages\/6379\/revisions\/7091"}],"wp:attachment":[{"href":"https:\/\/www.heimatverein-altmuegeln.de\/index.php?rest_route=%2Fwp%2Fv2%2Fmedia&parent=6379"}],"curies":[{"name":"wp","href":"https:\/\/api.w.org\/{rel}","templated":true}]}}