{"id":6593,"date":"2018-10-23T14:45:01","date_gmt":"2018-10-23T14:45:01","guid":{"rendered":"https:\/\/www.heimatverein-altmuegeln.de\/?page_id=6593"},"modified":"2018-10-28T18:49:09","modified_gmt":"2018-10-28T18:49:09","slug":"feierliche-scheckuebergabe","status":"publish","type":"page","link":"https:\/\/www.heimatverein-altmuegeln.de\/?page_id=6593","title":{"rendered":"Feierliche Scheck\u00fcbergabe"},"content":{"rendered":"<h4 style=\"text-align: center;\"><strong><span style=\"color: #ff6600;\">23. Oktober 2018<a href=\"https:\/\/www.heimatverein-altmuegeln.de\/wp-content\/uploads\/2018\/10\/01.jpg\"><br \/>\n<img loading=\"lazy\" decoding=\"async\" class=\"aligncenter size-thumbnail wp-image-6594\" src=\"https:\/\/www.heimatverein-altmuegeln.de\/wp-content\/uploads\/2018\/10\/01-420x219.jpg\" alt=\"\" width=\"420\" height=\"219\" srcset=\"https:\/\/www.heimatverein-altmuegeln.de\/wp-content\/uploads\/2018\/10\/01-420x219.jpg 420w, https:\/\/www.heimatverein-altmuegeln.de\/wp-content\/uploads\/2018\/10\/01-744x388.jpg 744w, https:\/\/www.heimatverein-altmuegeln.de\/wp-content\/uploads\/2018\/10\/01-768x401.jpg 768w, https:\/\/www.heimatverein-altmuegeln.de\/wp-content\/uploads\/2018\/10\/01-640x334.jpg 640w, https:\/\/www.heimatverein-altmuegeln.de\/wp-content\/uploads\/2018\/10\/01.jpg 1000w\" sizes=\"auto, (max-width: 420px) 100vw, 420px\" \/><\/a><\/span><\/strong><\/h4>\n<p style=\"text-align: center;\">Die feierliche Scheck\u00fcbergabe vom 15. Envia<em>M<\/em> St\u00e4dtewettbewerb im M\u00fcgelner Rathaus<\/p>\n<p style=\"text-align: center;\"><a href=\"https:\/\/www.heimatverein-altmuegeln.de\/wp-content\/uploads\/2018\/10\/02.jpg\"><img loading=\"lazy\" decoding=\"async\" class=\"aligncenter size-thumbnail wp-image-6595\" src=\"https:\/\/www.heimatverein-altmuegeln.de\/wp-content\/uploads\/2018\/10\/02-420x238.jpg\" alt=\"\" width=\"420\" height=\"238\" srcset=\"https:\/\/www.heimatverein-altmuegeln.de\/wp-content\/uploads\/2018\/10\/02-420x238.jpg 420w, https:\/\/www.heimatverein-altmuegeln.de\/wp-content\/uploads\/2018\/10\/02.jpg 600w\" sizes=\"auto, (max-width: 420px) 100vw, 420px\" \/><\/a> <a href=\"https:\/\/www.heimatverein-altmuegeln.de\/wp-content\/uploads\/2018\/10\/03.jpg\"><img loading=\"lazy\" decoding=\"async\" class=\"aligncenter size-thumbnail wp-image-6596\" src=\"https:\/\/www.heimatverein-altmuegeln.de\/wp-content\/uploads\/2018\/10\/03-420x223.jpg\" alt=\"\" width=\"420\" height=\"223\" srcset=\"https:\/\/www.heimatverein-altmuegeln.de\/wp-content\/uploads\/2018\/10\/03-420x223.jpg 420w, https:\/\/www.heimatverein-altmuegeln.de\/wp-content\/uploads\/2018\/10\/03.jpg 600w\" sizes=\"auto, (max-width: 420px) 100vw, 420px\" \/><\/a> <a href=\"https:\/\/www.heimatverein-altmuegeln.de\/wp-content\/uploads\/2018\/10\/04.jpg\"><img loading=\"lazy\" decoding=\"async\" class=\"aligncenter size-thumbnail wp-image-6597\" src=\"https:\/\/www.heimatverein-altmuegeln.de\/wp-content\/uploads\/2018\/10\/04-420x330.jpg\" alt=\"\" width=\"420\" height=\"330\" srcset=\"https:\/\/www.heimatverein-altmuegeln.de\/wp-content\/uploads\/2018\/10\/04-420x330.jpg 420w, https:\/\/www.heimatverein-altmuegeln.de\/wp-content\/uploads\/2018\/10\/04.jpg 600w\" sizes=\"auto, (max-width: 420px) 100vw, 420px\" \/><\/a><span style=\"color: #333333;\">Foto&#8217;s: niego18<\/span><\/p>\n<hr \/>\n<p style=\"text-align: center;\"><a href=\"https:\/\/www.heimatverein-altmuegeln.de\/?page_id=6379\">\u2190 zur\u00fcck<\/a><\/p>\n","protected":false},"excerpt":{"rendered":"<p>23. Oktober 2018 Die feierliche Scheck\u00fcbergabe vom 15. EnviaM St\u00e4dtewettbewerb im M\u00fcgelner Rathaus Foto&#8217;s: niego18 \u2190 zur\u00fcck<\/p>\n","protected":false},"author":3,"featured_media":0,"parent":0,"menu_order":0,"comment_status":"closed","ping_status":"closed","template":"","meta":{"footnotes":""},"class_list":["post-6593","page","type-page","status-publish","hentry"],"_links":{"self":[{"href":"https:\/\/www.heimatverein-altmuegeln.de\/index.php?rest_route=\/wp\/v2\/pages\/6593","targetHints":{"allow":["GET"]}}],"collection":[{"href":"https:\/\/www.heimatverein-altmuegeln.de\/index.php?rest_route=\/wp\/v2\/pages"}],"about":[{"href":"https:\/\/www.heimatverein-altmuegeln.de\/index.php?rest_route=\/wp\/v2\/types\/page"}],"author":[{"embeddable":true,"href":"https:\/\/www.heimatverein-altmuegeln.de\/index.php?rest_route=\/wp\/v2\/users\/3"}],"replies":[{"embeddable":true,"href":"https:\/\/www.heimatverein-altmuegeln.de\/index.php?rest_route=%2Fwp%2Fv2%2Fcomments&post=6593"}],"version-history":[{"count":5,"href":"https:\/\/www.heimatverein-altmuegeln.de\/index.php?rest_route=\/wp\/v2\/pages\/6593\/revisions"}],"predecessor-version":[{"id":6675,"href":"https:\/\/www.heimatverein-altmuegeln.de\/index.php?rest_route=\/wp\/v2\/pages\/6593\/revisions\/6675"}],"wp:attachment":[{"href":"https:\/\/www.heimatverein-altmuegeln.de\/index.php?rest_route=%2Fwp%2Fv2%2Fmedia&parent=6593"}],"curies":[{"name":"wp","href":"https:\/\/api.w.org\/{rel}","templated":true}]}}