{"id":662,"date":"2013-01-27T18:29:52","date_gmt":"2013-01-27T18:29:52","guid":{"rendered":"https:\/\/www.heimatverein-altmuegeln.de\/?page_id=662"},"modified":"2026-02-20T16:07:05","modified_gmt":"2026-02-20T16:07:05","slug":"kalender","status":"publish","type":"page","link":"https:\/\/www.heimatverein-altmuegeln.de\/?page_id=662","title":{"rendered":"Kalender"},"content":{"rendered":"<p><img loading=\"lazy\" decoding=\"async\" class=\"size-medium wp-image-718 alignnone\" src=\"https:\/\/www.heimatverein-altmuegeln.de\/wp-content\/uploads\/2013\/01\/kirche41-300x250.jpg\" alt=\"kirche4\" width=\"300\" height=\"250\" \/><\/p>\n<ul>\n<li><span style=\"color: #ff6600;\"><b>05. April 2026<\/b><\/span><\/li>\n<\/ul>\n<p style=\"padding-left: 80px;\">Osterfeuer auf unserem Vereinsgel\u00e4nde<\/p>\n<hr \/>\n<ul>\n<li><span style=\"color: #ff6600;\"><b>20. April 2026<\/b><\/span><\/li>\n<\/ul>\n<p style=\"padding-left: 80px;\">15j\u00e4hriges Vereinsjubil\u00e4um<\/p>\n<hr \/>\n<ul>\n<li><span style=\"color: #ff6600;\"><b>27. September 2026<\/b><\/span><\/li>\n<\/ul>\n<p style=\"padding-left: 80px;\">Drachenfest auf unserem Vereinsgel\u00e4nde<\/p>\n<hr \/>\n<ul>\n<li><strong><span style=\"color: #ff6600;\">13. Dezember 2026<\/span><\/strong><\/li>\n<\/ul>\n<p style=\"padding-left: 80px;\">Adventszauber mit Crellenhainer Weihnachtsmarkt auf unserem Vereinsgel\u00e4nde<\/p>\n<hr \/>\n<p style=\"padding-left: 90px;\"><span style=\"color: #333333;\"><strong>sonstige Veranstaltungen<\/strong><\/span><\/p>\n<hr \/>\n<p style=\"text-align: left; padding-left: 90px;\"><span style=\"color: #333333;\"><strong>Termine<\/strong><\/span><\/p>\n<p>&nbsp;<\/p>\n<ul>\n<li><span style=\"color: #ff6600;\">Vorstandsitzung<\/span><\/li>\n<\/ul>\n<p style=\"text-align: left; padding-left: 90px;\">Die Termine werden nach Bedarf festgelegt.<\/p>\n<hr \/>\n<ul>\n<li><span style=\"color: #ff6600;\">Mitgliederversammlung<\/span><\/li>\n<\/ul>\n<p style=\"padding-left: 90px;\">Die Termine werden nach Bedarf festgelegt.<\/p>\n<hr \/>\n<p style=\"text-align: center;\"><em>\u2190<a href=\"https:\/\/www.heimatverein-altmuegeln.de\/\">\u00a0Home<\/a><\/em><\/p>\n","protected":false},"excerpt":{"rendered":"<p>05. April 2026 Osterfeuer auf unserem Vereinsgel\u00e4nde 20. April 2026 15j\u00e4hriges Vereinsjubil\u00e4um 27. September 2026 Drachenfest auf unserem Vereinsgel\u00e4nde 13. Dezember 2026 Adventszauber mit Crellenhainer Weihnachtsmarkt auf unserem Vereinsgel\u00e4nde sonstige <a class=\"more-link\" href=\"https:\/\/www.heimatverein-altmuegeln.de\/?page_id=662\">Continue Reading \u2192<\/a><\/p>\n","protected":false},"author":3,"featured_media":0,"parent":0,"menu_order":0,"comment_status":"closed","ping_status":"closed","template":"","meta":{"footnotes":""},"class_list":["post-662","page","type-page","status-publish","hentry"],"_links":{"self":[{"href":"https:\/\/www.heimatverein-altmuegeln.de\/index.php?rest_route=\/wp\/v2\/pages\/662","targetHints":{"allow":["GET"]}}],"collection":[{"href":"https:\/\/www.heimatverein-altmuegeln.de\/index.php?rest_route=\/wp\/v2\/pages"}],"about":[{"href":"https:\/\/www.heimatverein-altmuegeln.de\/index.php?rest_route=\/wp\/v2\/types\/page"}],"author":[{"embeddable":true,"href":"https:\/\/www.heimatverein-altmuegeln.de\/index.php?rest_route=\/wp\/v2\/users\/3"}],"replies":[{"embeddable":true,"href":"https:\/\/www.heimatverein-altmuegeln.de\/index.php?rest_route=%2Fwp%2Fv2%2Fcomments&post=662"}],"version-history":[{"count":200,"href":"https:\/\/www.heimatverein-altmuegeln.de\/index.php?rest_route=\/wp\/v2\/pages\/662\/revisions"}],"predecessor-version":[{"id":8892,"href":"https:\/\/www.heimatverein-altmuegeln.de\/index.php?rest_route=\/wp\/v2\/pages\/662\/revisions\/8892"}],"wp:attachment":[{"href":"https:\/\/www.heimatverein-altmuegeln.de\/index.php?rest_route=%2Fwp%2Fv2%2Fmedia&parent=662"}],"curies":[{"name":"wp","href":"https:\/\/api.w.org\/{rel}","templated":true}]}}