{"id":6915,"date":"2018-12-30T15:45:12","date_gmt":"2018-12-30T15:45:12","guid":{"rendered":"https:\/\/www.heimatverein-altmuegeln.de\/?page_id=6915"},"modified":"2020-04-12T10:31:05","modified_gmt":"2020-04-12T10:31:05","slug":"rueckblicke-2018","status":"publish","type":"page","link":"https:\/\/www.heimatverein-altmuegeln.de\/?page_id=6915","title":{"rendered":"R\u00fcckblicke 2018"},"content":{"rendered":"\r\n<p>Die M\u00fcgelner Grundschule \u201eTintenklecks\u201c erhielt auch in diesem Jahr wieder eine Spende f\u00fcr ihre Schulbibliothek.<\/p>\r\n\r\n\r\n\r\n<p class=\"has-text-color has-very-dark-gray-color\" style=\"text-align: center;\">\u00ad\u00ad\u00ad<\/p>\r\n<hr \/>\r\n\r\n\r\n<div class=\"wp-block-image\">\r\n<figure class=\"alignleft is-resized\"><a href=\"https:\/\/www.heimatverein-altmuegeln.de\/wp-content\/uploads\/2018\/12\/IMG_0017.jpg\"><img loading=\"lazy\" decoding=\"async\" src=\"https:\/\/www.heimatverein-altmuegeln.de\/wp-content\/uploads\/2018\/12\/IMG_0017.jpg\" alt=\"Dieses Bild hat ein leeres Alt-Attribut. Der Dateiname ist IMG_0017.jpg\" width=\"69\" height=\"107\" \/><\/a><\/figure>\r\n<\/div>\r\n\r\n\r\n\r\n<p>Die letzte Aktion in Jahr 2018 war unser Adventszauber am 3. Advent. Von einem weihnachtlich geschm\u00fcckten Zelt \u00fcber Stollen, Kr\u00e4ppelchen, Gl\u00fchwein und Kinderpunsch bis hin zu etwas Schnee war alles dabei.<\/p>\r\n\r\n\r\n\r\n<div class=\"wp-block-image\">\r\n<figure class=\"alignright is-resized\"><a href=\"https:\/\/www.heimatverein-altmuegeln.de\/wp-content\/uploads\/2018\/12\/IMG_0008.jpg\"><img loading=\"lazy\" decoding=\"async\" class=\"wp-image-6869\" src=\"https:\/\/www.heimatverein-altmuegeln.de\/wp-content\/uploads\/2018\/12\/IMG_0008.jpg\" alt=\"\" width=\"205\" height=\"145\" srcset=\"https:\/\/www.heimatverein-altmuegeln.de\/wp-content\/uploads\/2018\/12\/IMG_0008.jpg 600w, https:\/\/www.heimatverein-altmuegeln.de\/wp-content\/uploads\/2018\/12\/IMG_0008-420x298.jpg 420w\" sizes=\"auto, (max-width: 205px) 100vw, 205px\" \/><\/a><\/figure>\r\n<\/div>\r\n\r\n\r\n\r\n<p style=\"text-align: left;\">Der Crellenhainsche Weihnachtsmann schaute auch vorbei und brachte jedem Kind ein Geschenk. Michael Simbke: \u201eWir hatten sehr viele Besucher, wobei die \u00e4ltere Generation dankbar f\u00fcr das beheizte Festzelt war, w\u00e4hrend die Jugend sich ums Feuer versammelte.\u201c<\/p>\r\n\r\n\r\n<hr \/>\r\n\r\n\r\n<div class=\"wp-block-image\">\r\n<figure class=\"alignright is-resized\"><a href=\"https:\/\/www.heimatverein-altmuegeln.de\/wp-content\/uploads\/2018\/12\/14-vg2\u00df18.jpg\"><img loading=\"lazy\" decoding=\"async\" src=\"https:\/\/www.heimatverein-altmuegeln.de\/wp-content\/uploads\/2018\/12\/14-vg2\u00df18.jpg\" alt=\"\" width=\"104\" height=\"185\" \/><\/a><\/figure>\r\n<\/div>\r\n\r\n\r\n\r\n<p>Wie jedes Jahr fand am ersten Adventswochenende der M\u00fcgelner Weihnachtsmarkt statt. Begonnen wurde schon am Freitag den 30. November 2018, mit dem \u201eVorgl\u00fchen\u201c. Das Wetter war alles andere als \u201evorweihnachtlich\u201c. Doch davon lie\u00dfen sich viele M\u00fcgelner nicht st\u00f6ren und kamen auf den Markt, um sich bei Roster, Schaschlik und Gl\u00fchwein vorweihnachtlich einstimmen zu lassen.<\/p>\r\n\r\n\r\n\r\n<div class=\"wp-block-image\">\r\n<figure class=\"alignleft is-resized\"><a href=\"https:\/\/www.heimatverein-altmuegeln.de\/wp-content\/uploads\/2018\/12\/01-wm18.jpg\"><img loading=\"lazy\" decoding=\"async\" src=\"https:\/\/www.heimatverein-altmuegeln.de\/wp-content\/uploads\/2018\/12\/01-wm18.jpg\" alt=\"\" width=\"147\" height=\"91\" \/><\/a><\/figure>\r\n<\/div>\r\n\r\n\r\n\r\n<p>Zur Er\u00f6ffnung des 35. Weihnachtsmarktes am Samstag \u00fcbergab unser Vereinsvorsitzender Michael Simbke der Stadtverwaltung M\u00fcgeln eine Spende zur Restaurierung der alten Bahnhofsuhr. An unserem Stand gab es dieses Mal Schweineschulter am Spie\u00df, Gl\u00fchwein, Kinderpunsch, selbstgebastelte Weihnachtsterne, Gl\u00fchweingelee und erstmalig einen Kalender mit alten Ansichtskarten von M\u00fcgeln.<\/p>\r\n\r\n\r\n\r\n<div class=\"wp-block-image\">\r\n<figure class=\"aligncenter is-resized\"><a href=\"https:\/\/www.heimatverein-altmuegeln.de\/wp-content\/uploads\/2018\/12\/00-vg2\u00df18.jpg\"><img loading=\"lazy\" decoding=\"async\" src=\"https:\/\/www.heimatverein-altmuegeln.de\/wp-content\/uploads\/2018\/12\/00-vg2\u00df18.jpg\" alt=\"\" width=\"374\" height=\"89\" \/><\/a><\/figure>\r\n<\/div>\r\n\r\n\r\n\r\n<p>Am Sonntag wurde unser Stand von der Klasse 11 des Oschatzer Thomas Mann Gymnasiums betreut.<\/p>\r\n\r\n\r\n<hr \/>\r\n\r\n\r\n<p>Am 23. Oktober 2018 fand die feierliche Scheck\u00fcbergabe f\u00fcr den ersten Platz von M\u00fcgeln, mit 326,3 Kilometern, beim 15. EnviaM St\u00e4dtewettbewerb statt.<\/p>\r\n\r\n\r\n\r\n<div class=\"wp-block-image\">\r\n<figure class=\"alignright is-resized\"><a href=\"https:\/\/www.heimatverein-altmuegeln.de\/wp-content\/uploads\/2018\/10\/03.jpg\"><img loading=\"lazy\" decoding=\"async\" class=\"wp-image-6596\" src=\"https:\/\/www.heimatverein-altmuegeln.de\/wp-content\/uploads\/2018\/10\/03.jpg\" alt=\"\" width=\"296\" height=\"156\" srcset=\"https:\/\/www.heimatverein-altmuegeln.de\/wp-content\/uploads\/2018\/10\/03.jpg 600w, https:\/\/www.heimatverein-altmuegeln.de\/wp-content\/uploads\/2018\/10\/03-420x223.jpg 420w\" sizes=\"auto, (max-width: 296px) 100vw, 296px\" \/><\/a><\/figure>\r\n<\/div>\r\n\r\n\r\n\r\n<p>Das Preisgeld in H\u00f6he von 8400 Euro nahmen Vertreter unseres Vereins von EnviaM-Vertriebsvorstand Dr. Andreas Auerbach im Beisein von B\u00fcrgermeister Johannes Ecke im M\u00fcgelner Rathaus in Empfang.<\/p>\r\n\r\n\r\n<hr \/>\r\n\r\n\r\n<p>&nbsp;<\/p>\r\n<p>Traumhaftes Herbstwetter lockte viele Besucher zu unserem 8. Drachenfest auf unser Vereinsgel\u00e4nde. Leider sah es mit dem Wind schlecht aus. Trotzdem schaffte es der ein oder andere Drachen an den Himmel, so dass der h\u00f6chste, sch\u00f6nste und kreativste Drachen mit einem Preis belohnt wurde. F\u00fcr die kleinen Besucher gab es au\u00dferdem eine Tombola und f\u00fcr die Gro\u00dfen unseren beliebten Sch\u00e4tzwettbewerb.<\/p>\r\n\r\n\r\n\r\n<figure class=\"wp-block-image\"><a href=\"https:\/\/www.heimatverein-altmuegeln.de\/wp-content\/uploads\/2018\/10\/hesder-1200x233.jpeg\"><img decoding=\"async\" src=\"https:\/\/www.heimatverein-altmuegeln.de\/wp-content\/uploads\/2018\/10\/hesder-1200x233.jpeg\" alt=\"\" \/><\/a><\/figure>\r\n\r\n\r\n<hr \/>\r\n\r\n\r\n<p>Zum M\u00fcgelner Stadtfest waren wir wieder am Backhaus mit einem Bobbycarrennen f\u00fcr unsere J\u00fcngsten am Start und einer gro\u00dfen Kindertombola vor dem \u201eHaarstudio Curly\u201c.<\/p>\r\n\r\n\r\n\r\n<p>Beim EnviaM-St\u00e4dtewettbewerbgewann unser eingereichtes Projekt zur Versch\u00f6nerung unseres Vereinsgel\u00e4ndes mit 56,57%.<\/p>\r\n\r\n\r\n<hr \/>\r\n\r\n\r\n<p>&#8222;Wir holen die Fu\u00dfball WM nach Crellenhain!&#8220;<\/p>\r\n\r\n\r\n\r\n<figure class=\"wp-block-image\"><a href=\"https:\/\/www.heimatverein-altmuegeln.de\/wp-content\/uploads\/2018\/04\/header-Bergfest-2018.jpeg\"><img loading=\"lazy\" decoding=\"async\" width=\"744\" height=\"143\" class=\"wp-image-6411\" src=\"https:\/\/www.heimatverein-altmuegeln.de\/wp-content\/uploads\/2018\/04\/header-Bergfest-2018-744x143.jpeg\" alt=\"\" srcset=\"https:\/\/www.heimatverein-altmuegeln.de\/wp-content\/uploads\/2018\/04\/header-Bergfest-2018-744x143.jpeg 744w, https:\/\/www.heimatverein-altmuegeln.de\/wp-content\/uploads\/2018\/04\/header-Bergfest-2018-420x81.jpeg 420w, https:\/\/www.heimatverein-altmuegeln.de\/wp-content\/uploads\/2018\/04\/header-Bergfest-2018-768x148.jpeg 768w, https:\/\/www.heimatverein-altmuegeln.de\/wp-content\/uploads\/2018\/04\/header-Bergfest-2018-1200x231.jpeg 1200w, https:\/\/www.heimatverein-altmuegeln.de\/wp-content\/uploads\/2018\/04\/header-Bergfest-2018-300x58.jpeg 300w, https:\/\/www.heimatverein-altmuegeln.de\/wp-content\/uploads\/2018\/04\/header-Bergfest-2018.jpeg 1594w\" sizes=\"auto, (max-width: 744px) 100vw, 744px\" \/><\/a><\/figure>\r\n\r\n\r\n\r\n<p>Unter diesem Motto stand anl\u00e4sslich der Fu\u00dfball WM 2018 in Russland unser Bergfest ganz im Zeichen des runden Leders. 8 Team&#8217;s sind unserem Aufruf gefolgt und kamen zu unserem &#8222;Riesentischfu\u00dfballturnier&#8220;. Dabei stand der Spa\u00dffaktor an erster Stelle. Alle anderen G\u00e4ste kamen bei unserem \u201eRahmenprogramm\u201c \u00a0auf ihre Kosten. Auch kulinarisch war alles auf die Fu\u00dfball WM abgestimmt. Neben russischen Zupfkuchen zum Kaffee gab es weitere leckere russische Spezialit\u00e4ten.<\/p>\r\n\r\n\r\n<hr \/>\r\n\r\n\r\n<div class=\"wp-block-image\">\r\n<figure class=\"alignright is-resized\"><a href=\"https:\/\/www.heimatverein-altmuegeln.de\/wp-content\/uploads\/2018\/04\/IMG_0036.jpg\"><img loading=\"lazy\" decoding=\"async\" class=\"wp-image-6368\" src=\"https:\/\/www.heimatverein-altmuegeln.de\/wp-content\/uploads\/2018\/04\/IMG_0036.jpg\" alt=\"\" width=\"295\" height=\"118\" srcset=\"https:\/\/www.heimatverein-altmuegeln.de\/wp-content\/uploads\/2018\/04\/IMG_0036.jpg 800w, https:\/\/www.heimatverein-altmuegeln.de\/wp-content\/uploads\/2018\/04\/IMG_0036-420x168.jpg 420w, https:\/\/www.heimatverein-altmuegeln.de\/wp-content\/uploads\/2018\/04\/IMG_0036-744x298.jpg 744w, https:\/\/www.heimatverein-altmuegeln.de\/wp-content\/uploads\/2018\/04\/IMG_0036-768x307.jpg 768w, https:\/\/www.heimatverein-altmuegeln.de\/wp-content\/uploads\/2018\/04\/IMG_0036-300x120.jpg 300w\" sizes=\"auto, (max-width: 295px) 100vw, 295px\" \/><\/a><\/figure>\r\n<\/div>\r\n\r\n\r\n\r\n<p>Traditionell wurde am Ostersonntag das Osterfeuer auf unserem Vereinsgel\u00e4nde entfacht. Trotz kalter Temperaturen versammelten sich zahlreiche Besucher rund um&#8217;s Feuer und in unserem beheizten Festzelt. Unsere flei\u00dfigen Helfer vom Organisationsteam hatten alle H\u00e4nde voll zu tun.<\/p>\r\n\r\n\r\n<hr \/>\r\n\r\n\r\n<p style=\"text-align: center;\"><br \/>\u2190<a href=\"https:\/\/www.heimatverein-altmuegeln.de\/?page_id=782\">zur\u00fcck<\/a><\/p>\r\n\r\n\r\n\r\n<p>&nbsp;<\/p>\r\n","protected":false},"excerpt":{"rendered":"<p>Die M\u00fcgelner Grundschule \u201eTintenklecks\u201c erhielt auch in diesem Jahr wieder eine Spende f\u00fcr ihre Schulbibliothek. \u00ad\u00ad\u00ad Die letzte Aktion in Jahr 2018 war unser Adventszauber am 3. Advent. Von einem <a class=\"more-link\" href=\"https:\/\/www.heimatverein-altmuegeln.de\/?page_id=6915\">Continue Reading \u2192<\/a><\/p>\n","protected":false},"author":3,"featured_media":0,"parent":0,"menu_order":0,"comment_status":"closed","ping_status":"closed","template":"","meta":{"footnotes":""},"class_list":["post-6915","page","type-page","status-publish","hentry"],"_links":{"self":[{"href":"https:\/\/www.heimatverein-altmuegeln.de\/index.php?rest_route=\/wp\/v2\/pages\/6915","targetHints":{"allow":["GET"]}}],"collection":[{"href":"https:\/\/www.heimatverein-altmuegeln.de\/index.php?rest_route=\/wp\/v2\/pages"}],"about":[{"href":"https:\/\/www.heimatverein-altmuegeln.de\/index.php?rest_route=\/wp\/v2\/types\/page"}],"author":[{"embeddable":true,"href":"https:\/\/www.heimatverein-altmuegeln.de\/index.php?rest_route=\/wp\/v2\/users\/3"}],"replies":[{"embeddable":true,"href":"https:\/\/www.heimatverein-altmuegeln.de\/index.php?rest_route=%2Fwp%2Fv2%2Fcomments&post=6915"}],"version-history":[{"count":49,"href":"https:\/\/www.heimatverein-altmuegeln.de\/index.php?rest_route=\/wp\/v2\/pages\/6915\/revisions"}],"predecessor-version":[{"id":7767,"href":"https:\/\/www.heimatverein-altmuegeln.de\/index.php?rest_route=\/wp\/v2\/pages\/6915\/revisions\/7767"}],"wp:attachment":[{"href":"https:\/\/www.heimatverein-altmuegeln.de\/index.php?rest_route=%2Fwp%2Fv2%2Fmedia&parent=6915"}],"curies":[{"name":"wp","href":"https:\/\/api.w.org\/{rel}","templated":true}]}}