{"id":7814,"date":"2020-12-29T18:48:57","date_gmt":"2020-12-29T18:48:57","guid":{"rendered":"https:\/\/www.heimatverein-altmuegeln.de\/?page_id=7814"},"modified":"2020-12-29T18:48:57","modified_gmt":"2020-12-29T18:48:57","slug":"rueckblicke-2020","status":"publish","type":"page","link":"https:\/\/www.heimatverein-altmuegeln.de\/?page_id=7814","title":{"rendered":"R\u00fcckblicke 2020"},"content":{"rendered":"<h3><span style=\"color: #ff6600;\">2020 \u2026Das \u201eCoronajahr\u201c<\/span><\/h3>\n<p>Das vergangene Jahr wird uns wohl in besonderer, nicht sch\u00f6ner Erinnerung bleiben. Die <span style=\"color: #ff6600;\">&#8222;Coronapandemie&#8220;<\/span> hatte die Welt im Griff. Deshalb kann man im R\u00fcckblick auf das vergangene Vereinsjahr nicht viel sagen \u2026<\/p>\n<p>Zu unserer Jahreshauptversammlung, am 04.03.2020 wurde der alte Vorstand entlastet und in einer geheimen Wahl eine neue Vereinsspitze gew\u00e4hlt.<\/p>\n<p>Um die Ausbreitung des Coronavirus einzud\u00e4mmen, wurde das \u00f6ffentliche Leben ab Mitte M\u00e4rz in Deutschland zur\u00fcckgefahren. So gab die Stadt M\u00fcgeln bekannt, dass alle \u00f6ffentlichen Einrichtungen der Stadt geschlossen und dar\u00fcber hinaus s\u00e4mtliche Veranstaltungen abgesagt wurden.<\/p>\n<p>Da leider kein Osterfeuer stattfinden konnte, haben wir eine virtuelle Ostereiersuche veranstaltet. Versteckt haben wir 10 \u201eBuchstabeneier\u201c auf unserer Internetseite, mit je einer Frage zum Verein. Die Antworten konnte man auf unserer Webseite spielend finden. Alle zehn Buchstaben ergaben das L\u00f6sungswort, welches man uns per E-Mail schicken konnte. Die Auslosung fand per Video statt.<\/p>\n<p>Aufgrund von Lockerungen der \u201eCoronama\u00dfnahmen\u201c erarbeiteten wir ein Hygienekonzept f\u00fcr unser Drachenfest, welches wir dann kurzfristig durch die angespannte Coronasituation in unserer Region leider doch absagen mussten, sowie auch alle weiteren Veranstaltungen f\u00fcr 2020.<\/p>\n","protected":false},"excerpt":{"rendered":"<p>2020 \u2026Das \u201eCoronajahr\u201c Das vergangene Jahr wird uns wohl in besonderer, nicht sch\u00f6ner Erinnerung bleiben. Die &#8222;Coronapandemie&#8220; hatte die Welt im Griff. Deshalb kann man im R\u00fcckblick auf das vergangene <a class=\"more-link\" href=\"https:\/\/www.heimatverein-altmuegeln.de\/?page_id=7814\">Continue Reading \u2192<\/a><\/p>\n","protected":false},"author":3,"featured_media":0,"parent":0,"menu_order":0,"comment_status":"closed","ping_status":"closed","template":"","meta":{"footnotes":""},"class_list":["post-7814","page","type-page","status-publish","hentry"],"_links":{"self":[{"href":"https:\/\/www.heimatverein-altmuegeln.de\/index.php?rest_route=\/wp\/v2\/pages\/7814","targetHints":{"allow":["GET"]}}],"collection":[{"href":"https:\/\/www.heimatverein-altmuegeln.de\/index.php?rest_route=\/wp\/v2\/pages"}],"about":[{"href":"https:\/\/www.heimatverein-altmuegeln.de\/index.php?rest_route=\/wp\/v2\/types\/page"}],"author":[{"embeddable":true,"href":"https:\/\/www.heimatverein-altmuegeln.de\/index.php?rest_route=\/wp\/v2\/users\/3"}],"replies":[{"embeddable":true,"href":"https:\/\/www.heimatverein-altmuegeln.de\/index.php?rest_route=%2Fwp%2Fv2%2Fcomments&post=7814"}],"version-history":[{"count":2,"href":"https:\/\/www.heimatverein-altmuegeln.de\/index.php?rest_route=\/wp\/v2\/pages\/7814\/revisions"}],"predecessor-version":[{"id":7816,"href":"https:\/\/www.heimatverein-altmuegeln.de\/index.php?rest_route=\/wp\/v2\/pages\/7814\/revisions\/7816"}],"wp:attachment":[{"href":"https:\/\/www.heimatverein-altmuegeln.de\/index.php?rest_route=%2Fwp%2Fv2%2Fmedia&parent=7814"}],"curies":[{"name":"wp","href":"https:\/\/api.w.org\/{rel}","templated":true}]}}