{"id":8022,"date":"2021-12-28T12:21:15","date_gmt":"2021-12-28T12:21:15","guid":{"rendered":"https:\/\/www.heimatverein-altmuegeln.de\/?page_id=8022"},"modified":"2021-12-28T15:40:56","modified_gmt":"2021-12-28T15:40:56","slug":"rueckblicke-2021","status":"publish","type":"page","link":"https:\/\/www.heimatverein-altmuegeln.de\/?page_id=8022","title":{"rendered":"R\u00fcckblicke 2021"},"content":{"rendered":"<p><a href=\"https:\/\/www.heimatverein-altmuegeln.de\/wp-content\/uploads\/2021\/12\/2021-2022.jpg\"><img loading=\"lazy\" decoding=\"async\" class=\"size-full wp-image-7999 alignright\" src=\"https:\/\/www.heimatverein-altmuegeln.de\/wp-content\/uploads\/2021\/12\/2021-2022.jpg\" alt=\"\" width=\"300\" height=\"147\" \/><\/a>Es sollte etwas Besonderes werden, das Jahr 2021. Ist es doch zehn Jahre her, dass wir unser Herz in die Hand nahmen und unseren Verein aus der Taufe hoben. Vieles haben wir seitdem geschafft und geschaffen. Unser Vereinsgel\u00e4nde zum Beispiel hat mit dem Acker vor zehn Jahren nichts mehr gemeinsam. Auch in der Stadt haben wir immer wieder Spuren hinterlassen und uns regelm\u00e4\u00dfig eingebracht. Unser Schaufenster bei Familie Flach ist ja schon fast Tradition. Umso \u00e4rgerlicher ist es jedoch, dass wir, wie alle anderen auch, in unserem Jubil\u00e4umsjahr durch Corona komplett ausgebremst wurden. Vieles hatten wir geplant, es sollte beim Drachenfest bleiben. Immerhin eine Veranstaltung mehr als 2020.<\/p>\n<hr \/>\n<p><strong><span style=\"color: #ff6600;\">Drachenfest &#8230;wieder ohne Wind &#8230;<\/span><\/strong><\/p>\n<p><a href=\"https:\/\/www.heimatverein-altmuegeln.de\/wp-content\/uploads\/2021\/10\/10.2-Drachenfest-web.jpeg\"><img loading=\"lazy\" decoding=\"async\" class=\" wp-image-7928 alignleft\" src=\"https:\/\/www.heimatverein-altmuegeln.de\/wp-content\/uploads\/2021\/10\/10.2-Drachenfest-web-420x593.jpeg\" alt=\"\" width=\"149\" height=\"205\" \/><\/a>Nachdem wir unser Drachenfest letztes Jahr &#8222;coronabedingt&#8220; absagen mussten, durften wir dieses Jahr viele G\u00e4ste auf unserem Vereinsgel\u00e4nde begr\u00fc\u00dfen. Bei sch\u00f6nstem Sonnenschein lie\u00df uns nur der Wind im Stich. Trotzdem konnten wir den h\u00f6chsten, den kreativsten und den am l\u00e4ngsten am Himmel gebliebenen Drachen pr\u00e4mieren. Auch der Sch\u00e4tzmeister wurde wieder ermittelt. Gesch\u00e4tzt werden musste die Anzahl der Kastanien in einem Korb. Alle anderen G\u00e4ste konnten das sch\u00f6ne Wetter bei Kaffee und Kuchen und Roster vom Grill genie\u00dfen. Unsere kleinen G\u00e4ste versuchten ihr Gl\u00fcck bei unserer Kindertombola. Alles in allem war es f\u00fcr uns ein sch\u00f6ner Nachmittag, zu unserem Drachenfest 10.2.!<\/p>\n<hr \/>\n<p><strong><span style=\"color: #ff6600;\">Ostergewinnspiel<\/span><\/strong><\/p>\n<p><a href=\"https:\/\/www.heimatverein-altmuegeln.de\/wp-content\/uploads\/2021\/04\/Ostergewinnspiel-Beitrag.jpeg\"><img loading=\"lazy\" decoding=\"async\" class=\" wp-image-7899 alignright\" src=\"https:\/\/www.heimatverein-altmuegeln.de\/wp-content\/uploads\/2021\/04\/Ostergewinnspiel-Beitrag-420x300.jpeg\" alt=\"\" width=\"206\" height=\"149\" \/><\/a>Da auch in diesem Jahr kein Osterfeuer stattfinden durfte, haben wir wieder ein \u201eOstergewinnspiel\u201c veranstaltet. Diesmal \u00a0waren \u00a0in unserem Schaufenster bei Familie Flach Ostereier versteckt. Am Ostersonntag hat der Osterhase pers\u00f6nlich allen Kindern, die an unserem Ostergewinnspiel teilgenommen haben und flei\u00dfig die Ostereier in unserem Schaufenster gez\u00e4hlt haben, eine kleine \u00dcberraschung \u00fcberreicht.<\/p>\n<hr \/>\n<p style=\"text-align: center;\"><span style=\"color: #333333;\">Bilder: Niego18<\/span><\/p>\n","protected":false},"excerpt":{"rendered":"<p>Es sollte etwas Besonderes werden, das Jahr 2021. Ist es doch zehn Jahre her, dass wir unser Herz in die Hand nahmen und unseren Verein aus der Taufe hoben. Vieles <a class=\"more-link\" href=\"https:\/\/www.heimatverein-altmuegeln.de\/?page_id=8022\">Continue Reading \u2192<\/a><\/p>\n","protected":false},"author":3,"featured_media":0,"parent":0,"menu_order":0,"comment_status":"closed","ping_status":"closed","template":"","meta":{"footnotes":""},"class_list":["post-8022","page","type-page","status-publish","hentry"],"_links":{"self":[{"href":"https:\/\/www.heimatverein-altmuegeln.de\/index.php?rest_route=\/wp\/v2\/pages\/8022","targetHints":{"allow":["GET"]}}],"collection":[{"href":"https:\/\/www.heimatverein-altmuegeln.de\/index.php?rest_route=\/wp\/v2\/pages"}],"about":[{"href":"https:\/\/www.heimatverein-altmuegeln.de\/index.php?rest_route=\/wp\/v2\/types\/page"}],"author":[{"embeddable":true,"href":"https:\/\/www.heimatverein-altmuegeln.de\/index.php?rest_route=\/wp\/v2\/users\/3"}],"replies":[{"embeddable":true,"href":"https:\/\/www.heimatverein-altmuegeln.de\/index.php?rest_route=%2Fwp%2Fv2%2Fcomments&post=8022"}],"version-history":[{"count":5,"href":"https:\/\/www.heimatverein-altmuegeln.de\/index.php?rest_route=\/wp\/v2\/pages\/8022\/revisions"}],"predecessor-version":[{"id":8028,"href":"https:\/\/www.heimatverein-altmuegeln.de\/index.php?rest_route=\/wp\/v2\/pages\/8022\/revisions\/8028"}],"wp:attachment":[{"href":"https:\/\/www.heimatverein-altmuegeln.de\/index.php?rest_route=%2Fwp%2Fv2%2Fmedia&parent=8022"}],"curies":[{"name":"wp","href":"https:\/\/api.w.org\/{rel}","templated":true}]}}