{"id":8113,"date":"2022-10-22T14:57:48","date_gmt":"2022-10-22T14:57:48","guid":{"rendered":"https:\/\/www.heimatverein-altmuegeln.de\/?page_id=8113"},"modified":"2022-12-25T15:23:47","modified_gmt":"2022-12-25T15:23:47","slug":"rueckblicke-2022","status":"publish","type":"page","link":"https:\/\/www.heimatverein-altmuegeln.de\/?page_id=8113","title":{"rendered":"R\u00fcckblicke 2022"},"content":{"rendered":"<p>&nbsp;<\/p>\n<p><strong><span style=\"color: #ff6600;\">Gelungenes Osterfeuer<\/span><\/strong><\/p>\n<p><a href=\"https:\/\/www.heimatverein-altmuegeln.de\/wp-content\/uploads\/2022\/11\/IMG_0067-scaled.jpg\"><img loading=\"lazy\" decoding=\"async\" class=\" wp-image-8160 alignleft\" src=\"https:\/\/www.heimatverein-altmuegeln.de\/wp-content\/uploads\/2022\/11\/IMG_0067-420x280.jpg\" alt=\"\" width=\"241\" height=\"163\" \/><\/a>Zu unserem diesj\u00e4hrigen <span style=\"color: #ff6600;\">Osterfeuer<\/span> durften wir nach 2j\u00e4hriger Coronapause ca. 250. G\u00e4ste begr\u00fc\u00dfen. Bei strahlendem Sonnenschein gab es Roster vom Grill, sowie Bier und Bowle. F\u00fcr unsren kleinen Besucher schaute der Osterhase pers\u00f6nlich vorbei und hatte f\u00fcr jeden eine kleine \u00dcberraschung mitgebracht.<\/p>\n<p>&nbsp;<\/p>\n<hr \/>\n<p><strong><span style=\"color: #ff6600;\">Kindertombola zum Stadtfest<\/span><\/strong><\/p>\n<p><a href=\"https:\/\/www.heimatverein-altmuegeln.de\/wp-content\/uploads\/2022\/11\/22-Stadtfest-01.jpeg\"><img loading=\"lazy\" decoding=\"async\" class=\" wp-image-8206 alignright\" src=\"https:\/\/www.heimatverein-altmuegeln.de\/wp-content\/uploads\/2022\/11\/22-Stadtfest-01-420x181.jpeg\" alt=\"\" width=\"255\" height=\"114\" \/><\/a>Zum <span style=\"color: #ff6600;\">Stadtfest<\/span> unter dem Motto M\u00fcgeln Summer am 20.-21.08.22 waren wir mit einer <span style=\"color: #ff6600;\">Kindertombola<\/span> vor unserem Schaufenster dabei. Vielen Dank an alle, die uns unterst\u00fctzt und so flei\u00dfig bei uns gelost haben.<\/p>\n<p>&nbsp;<\/p>\n<hr \/>\n<p><strong><span style=\"color: #ff6600;\">Goldenes Herbstwetter zu unserem Drachenfest<\/span><\/strong><\/p>\n<p><a href=\"https:\/\/www.heimatverein-altmuegeln.de\/wp-content\/uploads\/2022\/11\/IMG_0094.jpeg\"><img loading=\"lazy\" decoding=\"async\" class=\" wp-image-8193 alignleft\" src=\"https:\/\/www.heimatverein-altmuegeln.de\/wp-content\/uploads\/2022\/11\/IMG_0094.jpeg\" alt=\"\" width=\"132\" height=\"213\" \/><\/a>Bei goldenem Herbstwetter mit einer Prise Wind fand unser <span style=\"color: #ff6600;\">Drachenfest<\/span> am 09.10.22 auf unserem Vereinsgel\u00e4nde statt. Viele G\u00e4ste fanden den Weg zu uns und genossen bei Kaffee und selbstgebackenem Kuchen, Roster, Bier und Bowle das sch\u00f6ne Wetter. Pr\u00e4miert wurden traditionell der h\u00f6chste, sch\u00f6nste und kreativste Drachen, sowie der Sch\u00e4tzmeister. Wer keinen Drachen dabei hatte, konnte seine Geschicklichkeit und Kondition bei verschiedenen Spielen unter Beweis stellen. Ein gro\u00dfes Dankesch\u00f6n an Ralf M\u00fcller f\u00fcr sein Engagement daf\u00fcr, sowie allen Helfern.<\/p>\n<p>&nbsp;<\/p>\n<hr \/>\n<p><strong><span style=\"color: #ff6600;\">Sch\u00f6n war\u2019s \u2026 unserer Adventszauber am 3. Advent.<\/span><\/strong><\/p>\n<p><a href=\"https:\/\/www.heimatverein-altmuegeln.de\/wp-content\/uploads\/2022\/12\/weihnachtsmann22.jpeg\"><img loading=\"lazy\" decoding=\"async\" class=\"wp-image-8268 alignleft\" src=\"https:\/\/www.heimatverein-altmuegeln.de\/wp-content\/uploads\/2022\/12\/weihnachtsmann22-420x225.jpeg\" alt=\"\" width=\"300\" height=\"160\" srcset=\"https:\/\/www.heimatverein-altmuegeln.de\/wp-content\/uploads\/2022\/12\/weihnachtsmann22-420x225.jpeg 420w, https:\/\/www.heimatverein-altmuegeln.de\/wp-content\/uploads\/2022\/12\/weihnachtsmann22-640x342.jpeg 640w, https:\/\/www.heimatverein-altmuegeln.de\/wp-content\/uploads\/2022\/12\/weihnachtsmann22.jpeg 748w\" sizes=\"auto, (max-width: 300px) 100vw, 300px\" \/><\/a><\/p>\n<p>Das verschneite und mit vielen Lichtern geschm\u00fcckte Vereinsgel\u00e4nde bot fantastische Voraussetzungen f\u00fcr unseren 1. <span style=\"color: #ff6600;\">Crellenhainer Weihnachtsmarkt<\/span>. Los ging es 14 Uhr mit Kaffee, Stollen und selbstgebackenen Pfefferkuchen. Die ersten 24 G\u00e4ste durften sich \u00fcber eine kleine Advents\u00fcberraschung freuen. Ob Deftiges vom Grill oder S\u00fc\u00dfes, von gebrannten Mandeln \u00fcber Gl\u00fchweingelee bis zu kandierten \u00c4pfeln, war f\u00fcr jeden Geschmack etwas dabei. Der Weihnachtsmann besuchte unsere kleinen G\u00e4ste und f\u00fcr alle braven Kinder gab es ein Geschenk von ihm. So hoffen wir, dass es ein gelungener 1. Crellenhainer Weihnachtsmarkt f\u00fcr alle war und wir im kommenden Jahr eine 2. Auflage starten k\u00f6nnen \u2026<\/p>\n<hr \/>\n<p style=\"text-align: center;\"><a href=\"https:\/\/www.heimatverein-altmuegeln.de\/wp-content\/uploads\/2022\/12\/Plakat-mogelin-wanderung.jpeg\"><img loading=\"lazy\" decoding=\"async\" class=\"alignleft wp-image-8232\" src=\"https:\/\/www.heimatverein-altmuegeln.de\/wp-content\/uploads\/2022\/12\/Plakat-mogelin-wanderung-420x236.jpeg\" alt=\"\" width=\"200\" height=\"112\" srcset=\"https:\/\/www.heimatverein-altmuegeln.de\/wp-content\/uploads\/2022\/12\/Plakat-mogelin-wanderung-420x236.jpeg 420w, https:\/\/www.heimatverein-altmuegeln.de\/wp-content\/uploads\/2022\/12\/Plakat-mogelin-wanderung.jpeg 600w\" sizes=\"auto, (max-width: 200px) 100vw, 200px\" \/><\/a><\/p>\n<p style=\"text-align: left;\">Am 10. 12. 2022 unterst\u00fctzten wir den M\u00fcgelner Heimatverein Mogelin. Unser Vereinsgel\u00e4nde war das Ziel der winterlichen Adventswanderung. Die Teilnehmer der Wanderung konnten sich mit Gl\u00fchwein und Kinderpunsch etwas aufw\u00e4rmen.<\/p>\n<p>&nbsp;<\/p>\n<hr \/>\n<p style=\"text-align: center;\"><span style=\"color: #333333;\">Foto&#8217;s Privat<\/span><\/p>\n","protected":false},"excerpt":{"rendered":"<p>&nbsp; Gelungenes Osterfeuer Zu unserem diesj\u00e4hrigen Osterfeuer durften wir nach 2j\u00e4hriger Coronapause ca. 250. G\u00e4ste begr\u00fc\u00dfen. Bei strahlendem Sonnenschein gab es Roster vom Grill, sowie Bier und Bowle. F\u00fcr unsren <a class=\"more-link\" href=\"https:\/\/www.heimatverein-altmuegeln.de\/?page_id=8113\">Continue Reading \u2192<\/a><\/p>\n","protected":false},"author":3,"featured_media":0,"parent":0,"menu_order":0,"comment_status":"closed","ping_status":"closed","template":"","meta":{"footnotes":""},"class_list":["post-8113","page","type-page","status-publish","hentry"],"_links":{"self":[{"href":"https:\/\/www.heimatverein-altmuegeln.de\/index.php?rest_route=\/wp\/v2\/pages\/8113","targetHints":{"allow":["GET"]}}],"collection":[{"href":"https:\/\/www.heimatverein-altmuegeln.de\/index.php?rest_route=\/wp\/v2\/pages"}],"about":[{"href":"https:\/\/www.heimatverein-altmuegeln.de\/index.php?rest_route=\/wp\/v2\/types\/page"}],"author":[{"embeddable":true,"href":"https:\/\/www.heimatverein-altmuegeln.de\/index.php?rest_route=\/wp\/v2\/users\/3"}],"replies":[{"embeddable":true,"href":"https:\/\/www.heimatverein-altmuegeln.de\/index.php?rest_route=%2Fwp%2Fv2%2Fcomments&post=8113"}],"version-history":[{"count":17,"href":"https:\/\/www.heimatverein-altmuegeln.de\/index.php?rest_route=\/wp\/v2\/pages\/8113\/revisions"}],"predecessor-version":[{"id":8289,"href":"https:\/\/www.heimatverein-altmuegeln.de\/index.php?rest_route=\/wp\/v2\/pages\/8113\/revisions\/8289"}],"wp:attachment":[{"href":"https:\/\/www.heimatverein-altmuegeln.de\/index.php?rest_route=%2Fwp%2Fv2%2Fmedia&parent=8113"}],"curies":[{"name":"wp","href":"https:\/\/api.w.org\/{rel}","templated":true}]}}