{"id":8494,"date":"2023-12-24T10:27:53","date_gmt":"2023-12-24T10:27:53","guid":{"rendered":"https:\/\/www.heimatverein-altmuegeln.de\/?page_id=8494"},"modified":"2023-12-24T11:00:55","modified_gmt":"2023-12-24T11:00:55","slug":"rueckblicke-2023","status":"publish","type":"page","link":"https:\/\/www.heimatverein-altmuegeln.de\/?page_id=8494","title":{"rendered":"R\u00fcckblicke 2023"},"content":{"rendered":"<p>&nbsp;<\/p>\n<h3 style=\"text-align: center;\"><span style=\"color: #ff6600;\">Osterfeuer<\/span><\/h3>\n<p><a href=\"https:\/\/www.heimatverein-altmuegeln.de\/wp-content\/uploads\/2023\/03\/Osterfeuer-23-web.jpeg\"><img loading=\"lazy\" decoding=\"async\" class=\"wp-image-8304 alignleft\" src=\"https:\/\/www.heimatverein-altmuegeln.de\/wp-content\/uploads\/2023\/03\/Osterfeuer-23-web-420x593.jpeg\" alt=\"\" width=\"128\" height=\"177\" \/><\/a><\/p>\n<p>Am Ostersonntag durften wir bei sonnigem Aprilwetter viele G\u00e4ste zu unserem Osterfeuer begr\u00fcssen. F\u00fcr unsere kleinen G\u00e4ste schaute der Osterhase pers\u00f6nlich vorbei und hatte f\u00fcr jeden ein kleines Osternest mitgebracht.<a href=\"https:\/\/www.heimatverein-altmuegeln.de\/wp-content\/uploads\/2023\/04\/2023-Ostern-07.jpeg\"><img loading=\"lazy\" decoding=\"async\" class=\"wp-image-8327 alignright\" src=\"https:\/\/www.heimatverein-altmuegeln.de\/wp-content\/uploads\/2023\/04\/2023-Ostern-07.jpeg\" alt=\"\" width=\"90\" height=\"142\" \/><\/a><\/p>\n<p>Sch\u00f6n war\u2019s \u2026vielen Dank an unsere treuen G\u00e4ste und allen Helfern<\/p>\n<p>&nbsp;<\/p>\n<p>&nbsp;<\/p>\n<hr \/>\n<h3 style=\"text-align: center;\"><span style=\"color: #ff6600;\"><strong>Mit \u201eSpielestand\u201c beim M\u00fcgelner Stadtfest<\/strong><\/span><\/h3>\n<p><a href=\"https:\/\/www.heimatverein-altmuegeln.de\/wp-content\/uploads\/2023\/12\/20230820_101504.jpg\"><img loading=\"lazy\" decoding=\"async\" class=\"aligncenter size-thumbnail wp-image-8503\" src=\"https:\/\/www.heimatverein-altmuegeln.de\/wp-content\/uploads\/2023\/12\/20230820_101504-420x221.jpg\" alt=\"\" width=\"420\" height=\"221\" srcset=\"https:\/\/www.heimatverein-altmuegeln.de\/wp-content\/uploads\/2023\/12\/20230820_101504-420x221.jpg 420w, https:\/\/www.heimatverein-altmuegeln.de\/wp-content\/uploads\/2023\/12\/20230820_101504.jpg 600w\" sizes=\"auto, (max-width: 420px) 100vw, 420px\" \/><\/a><\/p>\n<p>Hitzig wars zum Stadtfest am vergangenen Wochenende &#8230; trotzdem hatten unsere kleinen Besucher viel Spa\u00df beim B\u00fcchsenwerfen, Klettballschie\u00dfen und Luftballondart &#8230;. und niemand musste ohne Preis nach Hause gehen &#8230; uns hat&#8217;s Spa\u00df gemacht<\/p>\n<hr \/>\n<h3 style=\"text-align: center;\"><span style=\"color: #ff6600;\"><strong>Wind und Regenschauer zum Drachenfest<\/strong><\/span><\/h3>\n<p><img loading=\"lazy\" decoding=\"async\" class=\"aligncenter\" src=\"https:\/\/www.heimatverein-altmuegeln.de\/wp-content\/uploads\/2023\/10\/20231015_200724-640x271.jpg\" width=\"413\" height=\"175\" \/><\/p>\n<p style=\"text-align: left;\">Trotz einiger Regenschauer sind viele M\u00fcgelner und G\u00e4ste unserer Einladung zum Drachenfest vergangenen Sonntag gefolgt. Auch der Wind meinte es dieses Jahr mit uns gut und so waren viele Drachen am Himmel von Altm\u00fcgeln\/Crellenhain zu sehen. Pr\u00e4miert wurde der sch\u00f6nste, der h\u00f6chste und der kreativste &#8211; die Gewinner durften sich \u00fcber einen Stadtbadgutschein f\u00fcr 2024 freuen. Wer keinen Drachen dabei hatte, konnte sich auf unserer Spielstra\u00dfe auf der Hopseburg austoben oder beim B\u00fcchsenwerfen, Entenangeln und Klettballschie\u00dfen ausprobieren. Auch dieses Jahr wurde wieder der Sch\u00e4tzmeister 2023 gek\u00fcrt, der ein D\u00f6llnitzbahn-Familienticket bekam. Nat\u00fcrlich war auch f\u00fcr das leibliche Wohl gesorgt.<\/p>\n<p>Ein gro\u00dfes Dankesch\u00f6n an unsere treuen G\u00e4ste und alle Vereinsmitglieder, die so flei\u00dfig mitgewirkt haben.<\/p>\n<hr \/>\n<h3 style=\"text-align: center;\"><span style=\"color: #ff6600;\"><strong>Viele Besucher bei unserem Adventszauber<\/strong><\/span><\/h3>\n<p><a href=\"https:\/\/www.heimatverein-altmuegeln.de\/wp-content\/uploads\/2023\/12\/2023-12-17-Advent-29.jpg\"><img loading=\"lazy\" decoding=\"async\" class=\" wp-image-8451 alignleft\" src=\"https:\/\/www.heimatverein-altmuegeln.de\/wp-content\/uploads\/2023\/12\/2023-12-17-Advent-29-420x616.jpg\" alt=\"\" width=\"109\" height=\"156\" \/><\/a>Gut besucht war unser <strong>Adventszauber<\/strong><a href=\"https:\/\/www.heimatverein-altmuegeln.de\/wp-content\/uploads\/2023\/12\/2023-12-17-Advent-33.jpg\"><img loading=\"lazy\" decoding=\"async\" class=\"wp-image-8455 alignright\" src=\"https:\/\/www.heimatverein-altmuegeln.de\/wp-content\/uploads\/2023\/12\/2023-12-17-Advent-33-420x589.jpg\" alt=\"\" width=\"102\" height=\"140\" \/><\/a> &#8211; viele G\u00e4ste fanden den Weg am 3. Advent auf unser Vereinsgel\u00e4nde. Der Weihnachtsmann \u00fcberraschte nicht nur unsere kleinen G\u00e4ste, sondern dieses Jahr auch unseren Vereinsvorsitzenden Michael Simbke und unseren Technikverantwortlichen Andreas Reimann &#8230; Insgesamt war es eine gelungene Veranstaltung &#8211; das hat uns in unserer Entscheidung gest\u00e4rkt, den Adventszauber nicht aus unserem Veranstaltungskalender zu streichen &#8230;<\/p>\n<p>&nbsp;<\/p>\n<hr \/>\n<p style=\"text-align: center;\"><span style=\"color: #333333;\">Foto&#8217;s: privat<\/span><\/p>\n","protected":false},"excerpt":{"rendered":"<p>&nbsp; Osterfeuer Am Ostersonntag durften wir bei sonnigem Aprilwetter viele G\u00e4ste zu unserem Osterfeuer begr\u00fcssen. F\u00fcr unsere kleinen G\u00e4ste schaute der Osterhase pers\u00f6nlich vorbei und hatte f\u00fcr jeden ein kleines <a class=\"more-link\" href=\"https:\/\/www.heimatverein-altmuegeln.de\/?page_id=8494\">Continue Reading \u2192<\/a><\/p>\n","protected":false},"author":3,"featured_media":0,"parent":0,"menu_order":0,"comment_status":"closed","ping_status":"closed","template":"","meta":{"footnotes":""},"class_list":["post-8494","page","type-page","status-publish","hentry"],"_links":{"self":[{"href":"https:\/\/www.heimatverein-altmuegeln.de\/index.php?rest_route=\/wp\/v2\/pages\/8494","targetHints":{"allow":["GET"]}}],"collection":[{"href":"https:\/\/www.heimatverein-altmuegeln.de\/index.php?rest_route=\/wp\/v2\/pages"}],"about":[{"href":"https:\/\/www.heimatverein-altmuegeln.de\/index.php?rest_route=\/wp\/v2\/types\/page"}],"author":[{"embeddable":true,"href":"https:\/\/www.heimatverein-altmuegeln.de\/index.php?rest_route=\/wp\/v2\/users\/3"}],"replies":[{"embeddable":true,"href":"https:\/\/www.heimatverein-altmuegeln.de\/index.php?rest_route=%2Fwp%2Fv2%2Fcomments&post=8494"}],"version-history":[{"count":11,"href":"https:\/\/www.heimatverein-altmuegeln.de\/index.php?rest_route=\/wp\/v2\/pages\/8494\/revisions"}],"predecessor-version":[{"id":8508,"href":"https:\/\/www.heimatverein-altmuegeln.de\/index.php?rest_route=\/wp\/v2\/pages\/8494\/revisions\/8508"}],"wp:attachment":[{"href":"https:\/\/www.heimatverein-altmuegeln.de\/index.php?rest_route=%2Fwp%2Fv2%2Fmedia&parent=8494"}],"curies":[{"name":"wp","href":"https:\/\/api.w.org\/{rel}","templated":true}]}}