{"id":8692,"date":"2024-12-28T09:03:53","date_gmt":"2024-12-28T09:03:53","guid":{"rendered":"https:\/\/www.heimatverein-altmuegeln.de\/?page_id=8692"},"modified":"2024-12-28T09:53:10","modified_gmt":"2024-12-28T09:53:10","slug":"rueckblicke-2024","status":"publish","type":"page","link":"https:\/\/www.heimatverein-altmuegeln.de\/?page_id=8692","title":{"rendered":"R\u00fcckblicke 2024"},"content":{"rendered":"<h5 style=\"text-align: center;\"><strong><span style=\"color: #ff6600;\">Osterfeuer<\/span><\/strong><\/h5>\n<p style=\"text-align: left;\"><a href=\"https:\/\/www.heimatverein-altmuegeln.de\/wp-content\/uploads\/2024\/03\/2024-03-31-Osterfeuer-13.jpg\"><img loading=\"lazy\" decoding=\"async\" class=\"wp-image-8520 alignleft\" src=\"https:\/\/www.heimatverein-altmuegeln.de\/wp-content\/uploads\/2024\/03\/2024-03-31-Osterfeuer-13-420x560.jpg\" alt=\"\" width=\"98\" height=\"126\" \/><\/a>Das Osterwetter meinte es gut mit uns und so fanden viele G\u00e4ste den We<a href=\"https:\/\/www.heimatverein-altmuegeln.de\/wp-content\/uploads\/2024\/12\/2023-Osterfeuer-web.jpg\"><img loading=\"lazy\" decoding=\"async\" class=\"wp-image-8707 alignright\" src=\"https:\/\/www.heimatverein-altmuegeln.de\/wp-content\/uploads\/2024\/12\/2023-Osterfeuer-web-420x594.jpg\" alt=\"\" width=\"64\" height=\"87\" \/><\/a>g zu unserem Vereinsgel\u00e4nde, um bei unserem <a href=\"https:\/\/www.heimatverein-altmuegeln.de\/?page_id=8522\">diesj\u00e4hrigen Osterfeuer<\/a> dabei zu sein. Auch der Osterhase brachte unseren kleinen G\u00e4sten eine Oster\u00fcberraschung &#8230; vielen Dank an alle, die zum Erfolg beigetragen haben.<\/p>\n<hr \/>\n<p style=\"text-align: center;\">Beim<\/p>\n<p style=\"text-align: center;\"><span style=\"color: #ff6600;\"><strong>Sport- &amp; Jugendfest des SV M\u00fcgeln\/Abla\u00df 09<\/strong> <\/span><\/p>\n<p style=\"text-align: center;\">nahmen wir mit unserer Manschaft am<\/p>\n<p style=\"text-align: center;\"><a href=\"https:\/\/www.heimatverein-altmuegeln.de\/?page_id=8573\"><span style=\"color: #ff6600;\"><span style=\"color: #ff0000;\">Human-Table-Soccer-Turnier<\/span><\/span><\/a> teil und ereichten den 8. Platz.<\/p>\n<p style=\"text-align: center;\">Wir hatten viel Spass dabei &#8230;<a href=\"https:\/\/www.heimatverein-altmuegeln.de\/wp-content\/uploads\/2024\/06\/20.jpeg\"><img loading=\"lazy\" decoding=\"async\" class=\"aligncenter size-thumbnail wp-image-8570\" src=\"https:\/\/www.heimatverein-altmuegeln.de\/wp-content\/uploads\/2024\/06\/20-420x249.jpeg\" alt=\"\" width=\"420\" height=\"249\" srcset=\"https:\/\/www.heimatverein-altmuegeln.de\/wp-content\/uploads\/2024\/06\/20-420x249.jpeg 420w, https:\/\/www.heimatverein-altmuegeln.de\/wp-content\/uploads\/2024\/06\/20.jpeg 600w\" sizes=\"auto, (max-width: 420px) 100vw, 420px\" \/><\/a><\/p>\n<p style=\"text-align: center;\">Danke den Organisatoren.<\/p>\n<hr \/>\n<h4 style=\"text-align: center;\"><span style=\"color: #ff6600;\"><strong>Stadtjubil\u00e4um<\/strong><\/span> <a href=\"https:\/\/www.heimatverein-altmuegeln.de\/wp-content\/uploads\/2024\/08\/logo-stadtfest.jpg\"><img loading=\"lazy\" decoding=\"async\" class=\"aligncenter wp-image-8594\" src=\"https:\/\/www.heimatverein-altmuegeln.de\/wp-content\/uploads\/2024\/08\/logo-stadtfest.jpg\" alt=\"\" width=\"194\" height=\"110\" \/><\/a><\/h4>\n<p>Ein abwechslungsreiches <a href=\"https:\/\/www.heimatverein-altmuegeln.de\/?page_id=8598\">Stadtfest<\/a>wochenende unter dem Motto &#8222;M\u00fcgeln wird 1040&#8220; liegt hinter uns. Neben <span style=\"color: #ff6600;\">Kindertombola<\/span> am Samstag und Sonntag und der <span style=\"color: #ff6600;\">Kaffeetafel<\/span> am Samstag waren wir selbstverst\u00e4ndlich beim <span style=\"color: #ff6600;\">Festumzug<\/span> am Sonntag dabei. Ein gro\u00dfes Dankesch\u00f6n an alle Organisatoren und Beteiligten &#8230;<\/p>\n<p><a href=\"https:\/\/www.heimatverein-altmuegeln.de\/wp-content\/uploads\/2024\/08\/2024-Stadtfest-Collage.jpg\"><img loading=\"lazy\" decoding=\"async\" class=\"aligncenter size-thumbnail wp-image-8596\" src=\"https:\/\/www.heimatverein-altmuegeln.de\/wp-content\/uploads\/2024\/08\/2024-Stadtfest-Collage-420x314.jpg\" alt=\"\" width=\"420\" height=\"314\" srcset=\"https:\/\/www.heimatverein-altmuegeln.de\/wp-content\/uploads\/2024\/08\/2024-Stadtfest-Collage-420x314.jpg 420w, https:\/\/www.heimatverein-altmuegeln.de\/wp-content\/uploads\/2024\/08\/2024-Stadtfest-Collage-768x574.jpg 768w, https:\/\/www.heimatverein-altmuegeln.de\/wp-content\/uploads\/2024\/08\/2024-Stadtfest-Collage-640x478.jpg 640w, https:\/\/www.heimatverein-altmuegeln.de\/wp-content\/uploads\/2024\/08\/2024-Stadtfest-Collage-350x263.jpg 350w, https:\/\/www.heimatverein-altmuegeln.de\/wp-content\/uploads\/2024\/08\/2024-Stadtfest-Collage.jpg 1000w\" sizes=\"auto, (max-width: 420px) 100vw, 420px\" \/><\/a><\/p>\n<hr \/>\n<h4 style=\"text-align: left;\"><strong><span style=\"color: #ff6600;\">Auch wenn der Wind sich etwas betteln lies,<\/span><\/strong><\/h4>\n<p><img loading=\"lazy\" decoding=\"async\" class=\"wp-image-8631 alignright\" src=\"https:\/\/www.heimatverein-altmuegeln.de\/wp-content\/uploads\/2024\/10\/2024-Drachenfest-web-420x594.jpg\" alt=\"\" width=\"147\" height=\"204\" \/><\/p>\n<p><a href=\"https:\/\/www.heimatverein-altmuegeln.de\/wp-content\/uploads\/2024\/10\/20241020-Drachenfest-13.jpg\"><img loading=\"lazy\" decoding=\"async\" class=\" wp-image-8649 alignleft\" src=\"https:\/\/www.heimatverein-altmuegeln.de\/wp-content\/uploads\/2024\/10\/20241020-Drachenfest-13-420x593.jpg\" alt=\"\" width=\"132\" height=\"179\" \/><\/a>konnten wir bei unserem diesj\u00e4hrigen <a href=\"https:\/\/www.heimatverein-altmuegeln.de\/?page_id=8658\">Drachenfest<\/a> den sch\u00f6nsten, h\u00f6chsten und kreativsten Drachen pr\u00e4mieren. Ebenfalls wurde der Sch\u00e4tzmeister 2024 bestimmt. Insgesamt war es ein sch\u00f6ner, sonniger Nachmittag mit vielen G\u00e4sten, die den Weg auf unser Vereinsgel\u00e4nde gefunden haben &#8230; ein gro\u00dfes Dankesch\u00f6n an alle flei\u00dfigen Helfer<\/p>\n<p>&nbsp;<\/p>\n<hr \/>\n<h5 style=\"text-align: center;\"><\/h5>\n<h5 style=\"text-align: center;\"><strong><span style=\"color: #ff6600;\"><a href=\"https:\/\/www.heimatverein-altmuegeln.de\/wp-content\/uploads\/2024\/12\/2024-Adventszauber-web-1.jpg\"><img loading=\"lazy\" decoding=\"async\" class=\"wp-image-8681 alignleft\" src=\"https:\/\/www.heimatverein-altmuegeln.de\/wp-content\/uploads\/2024\/12\/2024-Adventszauber-web-1-420x594.jpg\" alt=\"\" width=\"143\" height=\"196\" \/><\/a><a href=\"https:\/\/www.heimatverein-altmuegeln.de\/wp-content\/uploads\/2024\/12\/2024-Adventszauber-09-rotated.jpg\"><img loading=\"lazy\" decoding=\"async\" class=\"wp-image-8680 alignright\" src=\"https:\/\/www.heimatverein-altmuegeln.de\/wp-content\/uploads\/2024\/12\/2024-Adventszauber-09-rotated.jpg\" alt=\"\" width=\"95\" height=\"161\" \/><\/a>Adventszauber<\/span><\/strong><\/h5>\n<p>Das Wetter zu unserem <a href=\"https:\/\/www.heimatverein-altmuegeln.de\/?page_id=8679\">Adventszauber<\/a> war alles andere als &#8222;zauberhaft&#8220;, trotzdem kamen die Leute zu uns auf den Berg. Alle Kinder bekamen eine Weihnachts\u00fcberraschung von uns, obwohl der Weihnachtsmann dieses Jahr den Weg auf unser Vereinsgel\u00e4nde nicht gefunden hat. Danke!<\/p>\n<hr \/>\n<p style=\"text-align: center;\"><span style=\"color: #333333;\">Foto&#8217;s: privat<\/span><\/p>\n","protected":false},"excerpt":{"rendered":"<p>Osterfeuer Das Osterwetter meinte es gut mit uns und so fanden viele G\u00e4ste den Weg zu unserem Vereinsgel\u00e4nde, um bei unserem diesj\u00e4hrigen Osterfeuer dabei zu sein. Auch der Osterhase brachte <a class=\"more-link\" href=\"https:\/\/www.heimatverein-altmuegeln.de\/?page_id=8692\">Continue Reading \u2192<\/a><\/p>\n","protected":false},"author":3,"featured_media":0,"parent":0,"menu_order":0,"comment_status":"closed","ping_status":"closed","template":"","meta":{"footnotes":""},"class_list":["post-8692","page","type-page","status-publish","hentry"],"_links":{"self":[{"href":"https:\/\/www.heimatverein-altmuegeln.de\/index.php?rest_route=\/wp\/v2\/pages\/8692","targetHints":{"allow":["GET"]}}],"collection":[{"href":"https:\/\/www.heimatverein-altmuegeln.de\/index.php?rest_route=\/wp\/v2\/pages"}],"about":[{"href":"https:\/\/www.heimatverein-altmuegeln.de\/index.php?rest_route=\/wp\/v2\/types\/page"}],"author":[{"embeddable":true,"href":"https:\/\/www.heimatverein-altmuegeln.de\/index.php?rest_route=\/wp\/v2\/users\/3"}],"replies":[{"embeddable":true,"href":"https:\/\/www.heimatverein-altmuegeln.de\/index.php?rest_route=%2Fwp%2Fv2%2Fcomments&post=8692"}],"version-history":[{"count":22,"href":"https:\/\/www.heimatverein-altmuegeln.de\/index.php?rest_route=\/wp\/v2\/pages\/8692\/revisions"}],"predecessor-version":[{"id":8717,"href":"https:\/\/www.heimatverein-altmuegeln.de\/index.php?rest_route=\/wp\/v2\/pages\/8692\/revisions\/8717"}],"wp:attachment":[{"href":"https:\/\/www.heimatverein-altmuegeln.de\/index.php?rest_route=%2Fwp%2Fv2%2Fmedia&parent=8692"}],"curies":[{"name":"wp","href":"https:\/\/api.w.org\/{rel}","templated":true}]}}