{"id":8896,"date":"2026-02-25T05:58:52","date_gmt":"2026-02-25T05:58:52","guid":{"rendered":"https:\/\/www.heimatverein-altmuegeln.de\/?page_id=8896"},"modified":"2026-02-25T06:18:31","modified_gmt":"2026-02-25T06:18:31","slug":"rueckblicke-2026","status":"publish","type":"page","link":"https:\/\/www.heimatverein-altmuegeln.de\/?page_id=8896","title":{"rendered":"R\u00fcckblicke 2025"},"content":{"rendered":"<p><strong><span style=\"color: #ff6600;\">Wirklich Gl\u00fcck hatten wir mit unserem diesj\u00e4hrigen Osterfeuer\u00a0<\/span><\/strong><\/p>\n<p style=\"text-align: left;\"><a href=\"https:\/\/www.heimatverein-altmuegeln.de\/wp-content\/uploads\/2025\/03\/Ostern-25.04.jpg\"><img loading=\"lazy\" decoding=\"async\" class=\" wp-image-8757 alignleft\" src=\"https:\/\/www.heimatverein-altmuegeln.de\/wp-content\/uploads\/2025\/03\/Ostern-25.04.jpg\" alt=\"\" width=\"109\" height=\"192\" \/><\/a>&#8230; bei strahlendem Sonnenschein folgten viele G\u00e4ste unserer Einladung auf unser Vereinsgel\u00e4nde und auch unser Osterfeuer durften wir entz\u00fcnden. F\u00fcr das leibliche Wohl war, wie immer, bestens gesorgt. F\u00fcr unsere kleinen G\u00e4ste war<a href=\"https:\/\/www.heimatverein-altmuegeln.de\/wp-content\/uploads\/2025\/03\/Ostern-25.01.jpg\"><img loading=\"lazy\" decoding=\"async\" class=\"wp-image-8754 alignright\" src=\"https:\/\/www.heimatverein-altmuegeln.de\/wp-content\/uploads\/2025\/03\/Ostern-25.01-420x277.jpg\" alt=\"\" width=\"185\" height=\"127\" \/><\/a> der Osterhase pers\u00f6nlich da und hatte f\u00fcr jeden ein Osterk\u00f6rbchen dabei. F\u00fcr alle war es ein gelungenes Fest anl\u00e4sslich unseres 14. Vereinsgeburtstages. Vielen Dank an alle G\u00e4ste und Helfer!<\/p>\n<p>&nbsp;<\/p>\n<hr \/>\n<p style=\"text-align: left;\"><span style=\"color: #ff6600;\"><strong>Drachenfest bei goldenem Herbstwetter<br \/>\n<a href=\"https:\/\/www.heimatverein-altmuegeln.de\/wp-content\/uploads\/2025\/10\/Drachen-25.09.jpg\"><img loading=\"lazy\" decoding=\"async\" class=\" wp-image-8811 alignleft\" src=\"https:\/\/www.heimatverein-altmuegeln.de\/wp-content\/uploads\/2025\/10\/Drachen-25.09-420x189.jpg\" alt=\"\" width=\"264\" height=\"124\" \/><\/a><\/strong><\/span><\/p>\n<p>Bei goldenem Herbstwetter fand am vergangen Wochenende unser allj\u00e4hrliches Drachenfest statt. Zahlreiche bunte Drachen \u201etanzten\u201c \u00fcber unserem Vereinsgel\u00e4nde. Neben dem Drachensteigen sorgten zahlreiche Spielstationen f\u00fcr Abwechslung und gute Laune. Pr\u00e4miert wurde, wie jedes Jahr, der sch\u00f6nste, h\u00f6chste und kreativste Drachen. F\u00fcr zus\u00e4tzliche Spannung sorgte unsere Tombola, bei der es wieder tolle Preise zu gewinnen gab. Nicht zu vergessen unser Sch\u00e4tzwettbewerb, an dem sich viele unserer Besucher beteiligten. Nat\u00fcrlich war auch f\u00fcr das leibliche Wohl bestens gesorgt. Am Ende gingen nicht nur die Gewinner gl\u00fccklich nach Hause, sondern alle, die diesen Tag mit uns erlebt haben.<\/p>\n<p>Wir danken allen flei\u00dfigen Helferinnen, Helfern und\u00a0 G\u00e4sten und freuen uns schon auf das Drachenfest im n\u00e4chsten Jahr.<\/p>\n<hr \/>\n<p><span style=\"color: #ff6600;\"><strong>Adventszauber<\/strong><\/span><\/p>\n<p><a href=\"https:\/\/www.heimatverein-altmuegeln.de\/wp-content\/uploads\/2025\/12\/wm25.jpeg\"><img loading=\"lazy\" decoding=\"async\" class=\" wp-image-8874 alignleft\" src=\"https:\/\/www.heimatverein-altmuegeln.de\/wp-content\/uploads\/2025\/12\/wm25.jpeg\" alt=\"\" width=\"67\" height=\"125\" \/><\/a>Herzlichen Dank, unseren treuen G\u00e4sten, <a href=\"https:\/\/www.heimatverein-altmuegeln.de\/wp-content\/uploads\/2025\/12\/20251214_134402.jpg\"><img loading=\"lazy\" decoding=\"async\" class=\"wp-image-8845 alignright\" src=\"https:\/\/www.heimatverein-altmuegeln.de\/wp-content\/uploads\/2025\/12\/20251214_134402.jpg\" alt=\"\" width=\"78\" height=\"141\" \/><\/a>allen Helfern und nat\u00fcrlich dem Weihnachtsmann, der f\u00fcr die Kleinen und Gro\u00dfen eine \u00dcberraschung dabei hatte.<\/p>\n<p>Der Adventszauber war dank euch, wieder etwas Besonderes.<\/p>\n<p>Es hat viel Spass gemacht<\/p>\n<hr \/>\n<p style=\"text-align: center;\">Fotos: niego18a<\/p>\n","protected":false},"excerpt":{"rendered":"<p>Wirklich Gl\u00fcck hatten wir mit unserem diesj\u00e4hrigen Osterfeuer\u00a0 &#8230; bei strahlendem Sonnenschein folgten viele G\u00e4ste unserer Einladung auf unser Vereinsgel\u00e4nde und auch unser Osterfeuer durften wir entz\u00fcnden. F\u00fcr das leibliche <a class=\"more-link\" href=\"https:\/\/www.heimatverein-altmuegeln.de\/?page_id=8896\">Continue Reading \u2192<\/a><\/p>\n","protected":false},"author":3,"featured_media":0,"parent":0,"menu_order":0,"comment_status":"closed","ping_status":"closed","template":"","meta":{"footnotes":""},"class_list":["post-8896","page","type-page","status-publish","hentry"],"_links":{"self":[{"href":"https:\/\/www.heimatverein-altmuegeln.de\/index.php?rest_route=\/wp\/v2\/pages\/8896","targetHints":{"allow":["GET"]}}],"collection":[{"href":"https:\/\/www.heimatverein-altmuegeln.de\/index.php?rest_route=\/wp\/v2\/pages"}],"about":[{"href":"https:\/\/www.heimatverein-altmuegeln.de\/index.php?rest_route=\/wp\/v2\/types\/page"}],"author":[{"embeddable":true,"href":"https:\/\/www.heimatverein-altmuegeln.de\/index.php?rest_route=\/wp\/v2\/users\/3"}],"replies":[{"embeddable":true,"href":"https:\/\/www.heimatverein-altmuegeln.de\/index.php?rest_route=%2Fwp%2Fv2%2Fcomments&post=8896"}],"version-history":[{"count":9,"href":"https:\/\/www.heimatverein-altmuegeln.de\/index.php?rest_route=\/wp\/v2\/pages\/8896\/revisions"}],"predecessor-version":[{"id":8907,"href":"https:\/\/www.heimatverein-altmuegeln.de\/index.php?rest_route=\/wp\/v2\/pages\/8896\/revisions\/8907"}],"wp:attachment":[{"href":"https:\/\/www.heimatverein-altmuegeln.de\/index.php?rest_route=%2Fwp%2Fv2%2Fmedia&parent=8896"}],"curies":[{"name":"wp","href":"https:\/\/api.w.org\/{rel}","templated":true}]}}